{"id":6855,"date":"2020-08-10T13:06:49","date_gmt":"2020-08-10T11:06:49","guid":{"rendered":"https:\/\/tasty-natural.com\/que-es-tasty-natural\/"},"modified":"2020-10-26T17:20:05","modified_gmt":"2020-10-26T16:20:05","slug":"que-es-tasty-natural","status":"publish","type":"page","link":"https:\/\/tasty-natural.com\/ca\/que-es-tasty-natural\/","title":{"rendered":"Qu\u00e8 \u00e9s Tasty natural?"},"content":{"rendered":"<p><strong>Qu\u00e8 \u00e9s Tasty natural?<\/strong><\/p>\n<p> A Tasty natural treballem cada dia per fer que desapareixi la preocupaci\u00f3 del tupper per dem\u00e0 i aconseguir que gaudeixis m\u00e9s del teu temps lliure.<br \/>\n Cada moment \u00e9s \u00fanic i volem que Aprofiti al m\u00e0xim el seu temps gaudint.<\/p>\n<p>El nostre equip ha estat elaborant productes per a restaurants, hotels i c\u00e0tering sota la marca<br \/>\n<a href=\"http:\/\/exquisitarium.com\/\">Exquisitarium.<\/a>des de fa m\u00e9s de 15 anys.<br \/>\n Comensals dels clients de Exquisitarium gaudeixen de productes fets a quil\u00f2metres de dist\u00e0ncia com acabats de preparar. Utilitzem t\u00e8cniques per que els nostres plats mantinguin el mateix aroma, sabor i propietats nutricionals com quan varen sortir dels nostres fogons. <\/p>\n<p>&nbsp;<\/p>\n<p><strong>A tasty natural t&#8217;oferim..<\/strong><\/p>\n<ul>\n<li><strong>Estalvi i confort<\/strong><\/li>\n<\/ul>\n<p> Que Gaudeixis del seu temps lliure i deixar de preocupar-se per el tupper del dia seg\u00fcent. Posem a la seva disposici\u00f3 la dieta de tota la setmana..<br \/>\n \u00a1El teu men\u00fa estar\u00e0 llest en pocs minuts! <\/p>\n<ul>\n<li><strong>Dieta variada<\/strong><\/li>\n<\/ul>\n<p> Cansat de menjar el mateix tot el temps?<br \/>\n T&#8217;oferim una \u00e0mplia varietat de productes que et permetr\u00e1 expandir la teva alimentaci\u00f3 di\u00e0ria. Proporcionem receptes per a cada ocasi\u00f3, perqu\u00e8 cada moment \u00e9s \u00fanic.<\/p>\n<p> Escull el men\u00fa ideal per treballar, menjar a casa, un sopar \u00edntim, dinar en fam\u00edlia, menjar per emportar, per regalar&#8230;<\/p>\n<ul>\n<li><strong>Ajuda en les teves ocasions especials<\/strong>\n<ul>T&#8217;agrada convidar a tothom a menjar a casa i et sents com que tothom gaudeix de de la companyia excepte tu?<\/ul>\n<p>\u00a1No et tanquis a la cuina!<br \/>\n Dissenyem una proposta que s&#8217;adapti a les teves necessitats (i a la dels teus convidats).<\/p>\n<ul>\n<li><strong>Major seguretat<\/strong><\/li>\n<\/ul>\n<p>El proc\u00e9s de congelaci\u00f3 at-18\u00baC inhibeix el desenvolupament de microorganismes i bacteris sense la necessitat d&#8217;afegir conservants o additius.<br \/>\nPerqu\u00e8 ens preocupem per la teva salut.<\/p>\n<ul>\n<li><strong>El teu paladar gaudir\u00e0&#8230; a un preu just<\/strong><\/li>\n<\/ul>\n<p> Qui diu que menjar b\u00e9 \u00e9s car?<br \/>\n Els nostres costos s&#8217;ajusten al m\u00e0xim per oferir-te el millor producte a un preu honest.<br \/>\n Tamb\u00e9: \u00bfquin valor li dones al temps disponible per gaudir del teus?<\/li>\n<\/ul>\n","protected":false},"excerpt":{"rendered":"<p>Qu\u00e8 \u00e9s Tasty natural? A Tasty natural treballem cada dia per fer que desapareixi la preocupaci\u00f3 del tupper per dem\u00e0 i aconseguir que gaudeixis m\u00e9s del teu temps lliure. Cada moment \u00e9s \u00fanic i volem que Aprofiti al m\u00e0xim el seu temps gaudint. El nostre equip ha estat elaborant productes per a restaurants, hotels i [&hellip;]<\/p>\n","protected":false},"author":1,"featured_media":0,"parent":0,"menu_order":0,"comment_status":"closed","ping_status":"closed","template":"","meta":{"footnotes":""},"_links":{"self":[{"href":"https:\/\/tasty-natural.com\/ca\/wp-json\/wp\/v2\/pages\/6855"}],"collection":[{"href":"https:\/\/tasty-natural.com\/ca\/wp-json\/wp\/v2\/pages"}],"about":[{"href":"https:\/\/tasty-natural.com\/ca\/wp-json\/wp\/v2\/types\/page"}],"author":[{"embeddable":true,"href":"https:\/\/tasty-natural.com\/ca\/wp-json\/wp\/v2\/users\/1"}],"replies":[{"embeddable":true,"href":"https:\/\/tasty-natural.com\/ca\/wp-json\/wp\/v2\/comments?post=6855"}],"version-history":[{"count":35,"href":"https:\/\/tasty-natural.com\/ca\/wp-json\/wp\/v2\/pages\/6855\/revisions"}],"predecessor-version":[{"id":7625,"href":"https:\/\/tasty-natural.com\/ca\/wp-json\/wp\/v2\/pages\/6855\/revisions\/7625"}],"wp:attachment":[{"href":"https:\/\/tasty-natural.com\/ca\/wp-json\/wp\/v2\/media?parent=6855"}],"curies":[{"name":"wp","href":"https:\/\/api.w.org\/{rel}","templated":true}]}}