{"id":6891,"date":"2020-08-11T11:12:16","date_gmt":"2020-08-11T09:12:16","guid":{"rendered":"https:\/\/tasty-natural.com\/quin-metode-de-conservacio-utilitzem\/"},"modified":"2020-08-11T11:12:17","modified_gmt":"2020-08-11T09:12:17","slug":"quin-metode-de-conservacio-utilitzem","status":"publish","type":"page","link":"https:\/\/tasty-natural.com\/ca\/quin-metode-de-conservacio-utilitzem\/","title":{"rendered":"Quin m\u00e8tode de conservaci\u00f3 utilitzem?"},"content":{"rendered":"<div class=\"wpb-content-wrapper\"><p>[vc_row][vc_column width=&#8221;2\/3&#8243;][vc_column_text]La congelaci\u00f3 \u00e9s la t\u00e8cnica que millor evita la degradaci\u00f3 del producte sense la necessitat d&#8217;afegir conservants o colorants.<\/p>\n<p><strong>Els avantatges:<\/strong><\/p>\n<p><strong>Preserva les qualitats organol\u00e8ptiques del producte.<\/strong><br \/>\nEl plat conserva la textura, el color i l&#8217;olor que tenia quan va sortir dels nostres fogons, quan es va congelar.<\/p>\n<p><strong>Mant\u00e9 les seves propietats.<\/strong><br \/>\nLa nostra t\u00e8cnica de congelaci\u00f3 garanteix un 100% del contingut nutricional.<\/p>\n<p><strong>Comoditat.<\/strong><br \/>\nEls aliments congelats s\u00f3n c\u00f2modes per preparar i es poden comprar en qualsevol moment de l&#8217;any.<\/p>\n<p><strong>Seguretat.<\/strong><br \/>\nEls productes congelats proporcionen una major seguretat i ens impedeixen alguns par\u00e0sits com anisakis.<\/p>\n<p><strong>Llarga conservaci\u00f3.<\/strong><br \/>\nEls aliments congelats es poden mantenir en les mateixes condicions durant mesos sense perdre cap de les seves qualitats.<\/p>\n<p>El quid de la q\u00fcesti\u00f3: qu\u00e8 i amb quin procediment es congela.<\/p>\n<p>\u00c9s preferible comprar un producte de qualitat congelada que un fresc que ha estat en el mercat per dies.<br \/>\nProdu\u00efm artesanalment els nostres productes: sense processos ni ingredients industrials, sense greixos trans, additius, colorants artificials, glutamat Monosodi o oli de Palma.<br \/>\nCuinem com ho faries tu. I aix\u00f2 \u00e9s el que Congelem: un producte casol\u00e0 acabat de fer.<\/p>\n<p>Si et congeles menjar a casa no obtindr\u00e0s el mateix resultat.<br \/>\nEl procediment que utilitzem \u00e9s una r\u00e0pida congelaci\u00f3 mec\u00e0nica. Aquest sistema permet que el menjar vagi des de la temperatura de cocci\u00f3 fins a la temperatura de congelaci\u00f3 en menys d&#8217;una hora i aix\u00ed evitar que les part\u00edcules d&#8217;aigua es cristal\u00b7litzin, dilatant i trencant l&#8217;estructura del producte.[\/vc_column_text][\/vc_column][vc_column width=&#8221;1\/3&#8243;][vc_single_image image=&#8221;5971&#8243; img_size=&#8221;large&#8221;][\/vc_column][\/vc_row]<\/p>\n<\/div>","protected":false},"excerpt":{"rendered":"<p>[vc_row][vc_column width=&#8221;2\/3&#8243;][vc_column_text]La congelaci\u00f3 \u00e9s la t\u00e8cnica que millor evita la degradaci\u00f3 del producte sense la necessitat d&#8217;afegir conservants o colorants. Els avantatges: Preserva les qualitats organol\u00e8ptiques del producte. El plat conserva la textura, el color i l&#8217;olor que tenia quan va sortir dels nostres fogons, quan es va congelar. Mant\u00e9 les seves propietats. La nostra [&hellip;]<\/p>\n","protected":false},"author":1,"featured_media":0,"parent":0,"menu_order":0,"comment_status":"closed","ping_status":"closed","template":"","meta":{"footnotes":""},"_links":{"self":[{"href":"https:\/\/tasty-natural.com\/ca\/wp-json\/wp\/v2\/pages\/6891"}],"collection":[{"href":"https:\/\/tasty-natural.com\/ca\/wp-json\/wp\/v2\/pages"}],"about":[{"href":"https:\/\/tasty-natural.com\/ca\/wp-json\/wp\/v2\/types\/page"}],"author":[{"embeddable":true,"href":"https:\/\/tasty-natural.com\/ca\/wp-json\/wp\/v2\/users\/1"}],"replies":[{"embeddable":true,"href":"https:\/\/tasty-natural.com\/ca\/wp-json\/wp\/v2\/comments?post=6891"}],"version-history":[{"count":2,"href":"https:\/\/tasty-natural.com\/ca\/wp-json\/wp\/v2\/pages\/6891\/revisions"}],"predecessor-version":[{"id":6893,"href":"https:\/\/tasty-natural.com\/ca\/wp-json\/wp\/v2\/pages\/6891\/revisions\/6893"}],"wp:attachment":[{"href":"https:\/\/tasty-natural.com\/ca\/wp-json\/wp\/v2\/media?parent=6891"}],"curies":[{"name":"wp","href":"https:\/\/api.w.org\/{rel}","templated":true}]}}