{"id":6897,"date":"2020-08-11T16:24:20","date_gmt":"2020-08-11T14:24:20","guid":{"rendered":"https:\/\/tasty-natural.com\/ocasions-especials\/"},"modified":"2020-08-11T16:24:20","modified_gmt":"2020-08-11T14:24:20","slug":"ocasions-especials","status":"publish","type":"page","link":"https:\/\/tasty-natural.com\/ca\/ocasions-especials\/","title":{"rendered":"Ocasions especials"},"content":{"rendered":"<div class=\"wpb-content-wrapper\"><p>[vc_row][vc_column width=&#8221;1\/2&#8243;][vc_column_text]<\/p>\n<pre><span style=\"color: #ff6600;\">Tasty<\/span> t'ofereix una gran varietat de plats al gust, per\u00f2 tamb\u00e9 tenim una oferta m\u00e9s personalitzada per a ocasions especials.<\/pre>\n<p>Si est\u00e0s pensant en com organitzar <strong>el teu aniversari, un sopar familiar, una reuni\u00f3 de treball, menjars amb amics, aniversaris&#8230;.<\/strong> qualsevol esdeveniment i no saps com organitzar-ho podem ajudar-te. Dissenyem la proposta que millor s&#8217;adapti a les teves necessitats.<\/p>\n<p>La nostra empresa porta m\u00e9s de 15 anys celebrant de tot tipus d&#8217;esdeveniments amb els nostres clients, qui no dubten en posar-se en contacte amb nosaltres per confiar en nosaltres els seus moments m\u00e9s especials. No dubteu a posar-vos en contacte amb nosaltres per poder oferir-vos la millor soluci\u00f3. Ens assegurarem que no us falti de res.[\/vc_column_text][\/vc_column][vc_column width=&#8221;1\/2&#8243;][vc_single_image image=&#8221;5961&#8243; img_size=&#8221;large&#8221;][\/vc_column][\/vc_row][vc_row][vc_column width=&#8221;1\/2&#8243;][\/vc_column][vc_column width=&#8221;1\/2&#8243;][\/vc_column][\/vc_row]<\/p>\n<\/div>","protected":false},"excerpt":{"rendered":"<p>[vc_row][vc_column width=&#8221;1\/2&#8243;][vc_column_text] Tasty t&#8217;ofereix una gran varietat de plats al gust, per\u00f2 tamb\u00e9 tenim una oferta m\u00e9s personalitzada per a ocasions especials. Si est\u00e0s pensant en com organitzar el teu aniversari, un sopar familiar, una reuni\u00f3 de treball, menjars amb amics, aniversaris&#8230;. qualsevol esdeveniment i no saps com organitzar-ho podem ajudar-te. Dissenyem la proposta que [&hellip;]<\/p>\n","protected":false},"author":1,"featured_media":0,"parent":0,"menu_order":0,"comment_status":"closed","ping_status":"closed","template":"","meta":{"footnotes":""},"_links":{"self":[{"href":"https:\/\/tasty-natural.com\/ca\/wp-json\/wp\/v2\/pages\/6897"}],"collection":[{"href":"https:\/\/tasty-natural.com\/ca\/wp-json\/wp\/v2\/pages"}],"about":[{"href":"https:\/\/tasty-natural.com\/ca\/wp-json\/wp\/v2\/types\/page"}],"author":[{"embeddable":true,"href":"https:\/\/tasty-natural.com\/ca\/wp-json\/wp\/v2\/users\/1"}],"replies":[{"embeddable":true,"href":"https:\/\/tasty-natural.com\/ca\/wp-json\/wp\/v2\/comments?post=6897"}],"version-history":[{"count":2,"href":"https:\/\/tasty-natural.com\/ca\/wp-json\/wp\/v2\/pages\/6897\/revisions"}],"predecessor-version":[{"id":6899,"href":"https:\/\/tasty-natural.com\/ca\/wp-json\/wp\/v2\/pages\/6897\/revisions\/6899"}],"wp:attachment":[{"href":"https:\/\/tasty-natural.com\/ca\/wp-json\/wp\/v2\/media?parent=6897"}],"curies":[{"name":"wp","href":"https:\/\/api.w.org\/{rel}","templated":true}]}}