{"id":6917,"date":"2020-08-12T17:44:06","date_gmt":"2020-08-12T15:44:06","guid":{"rendered":"https:\/\/tasty-natural.com\/proces-de-compra\/"},"modified":"2020-10-06T18:09:43","modified_gmt":"2020-10-06T16:09:43","slug":"proces-de-compra","status":"publish","type":"page","link":"https:\/\/tasty-natural.com\/ca\/proces-de-compra\/","title":{"rendered":"Proc\u00e9s de compra"},"content":{"rendered":"<div class=\"wpb-content-wrapper\"><p>[vc_row][vc_column width=&#8221;1\/4&#8243;][vc_single_image image=&#8221;7395&#8243; img_size=&#8221;&#8221;][vc_column_text]Cuinem per a tu, receptes tradicionals, amb amor i cura. Ens encarreguem de tots els detalls, per a nosaltres el m\u00e9s important \u00e9s que tinguin l&#8217;ess\u00e8ncia i el gust del menjar acabat de fer. Tots els nostres productes s\u00f3n de primer\u00edssima qualitat i sense necessitat d&#8217;afegir-hi conservants ni additius. Cuinem per a tu perqu\u00e8 puguis tenir el teu temps i dedicar-lo al teus.[\/vc_column_text][\/vc_column][vc_column width=&#8221;1\/4&#8243;][vc_single_image image=&#8221;7425&#8243; img_size=&#8221;&#8221;][vc_column_text]Escull els plats que m\u00e9s t&#8217;agradin. Pots adaptar el teu men\u00fa o confiar en les nostres recomanacions nutricionals.<br \/>\nT&#8217;oferim diferents packs perqu\u00e8 puguis gaudir de totes les varietats de sabors en una sola compra.<br \/>\nOblida&#8217;t de fer la compra, t&#8217;ho posem f\u00e0cil, pots subscriure&#8217;t a les teves compres setmanals, mensuals&#8230;<br \/>\n\u00a1Estem conven\u00e7uts que voldr\u00e0 repetir![\/vc_column_text][\/vc_column][vc_column width=&#8221;1\/4&#8243;][vc_single_image image=&#8221;7399&#8243; img_size=&#8221;&#8221;][vc_column_text]Ens encarreguem d&#8217;aconseguir la teva comanda on vulguis en un termini de 72\/96 hores en els codis postals establerts en el nostre pla de serveis.<br \/>\nUna vegada que rebis els teus productes, guardi&#8217;ls al congelador. Si vost\u00e8 decideix guardar-los a la nevera, vost\u00e8 ha de consumir-los durant els propers 5 dies.[\/vc_column_text][\/vc_column][vc_column width=&#8221;1\/4&#8243;][vc_single_image image=&#8221;7398&#8243; img_size=&#8221;&#8221;][vc_column_text]Retiri el plat del congelador i en nom\u00e9s 5 minuts ho tindreu llest per menjar. Nom\u00e9s segueixi les instruccions de preparaci\u00f3 d&#8217;etiqueta.<\/p>\n<p>.[\/vc_column_text][\/vc_column][\/vc_row]<\/p>\n<\/div>","protected":false},"excerpt":{"rendered":"<p>[vc_row][vc_column width=&#8221;1\/4&#8243;][vc_single_image image=&#8221;7395&#8243; img_size=&#8221;&#8221;][vc_column_text]Cuinem per a tu, receptes tradicionals, amb amor i cura. Ens encarreguem de tots els detalls, per a nosaltres el m\u00e9s important \u00e9s que tinguin l&#8217;ess\u00e8ncia i el gust del menjar acabat de fer. Tots els nostres productes s\u00f3n de primer\u00edssima qualitat i sense necessitat d&#8217;afegir-hi conservants ni additius. Cuinem per a [&hellip;]<\/p>\n","protected":false},"author":1,"featured_media":0,"parent":0,"menu_order":0,"comment_status":"closed","ping_status":"closed","template":"","meta":{"footnotes":""},"_links":{"self":[{"href":"https:\/\/tasty-natural.com\/ca\/wp-json\/wp\/v2\/pages\/6917"}],"collection":[{"href":"https:\/\/tasty-natural.com\/ca\/wp-json\/wp\/v2\/pages"}],"about":[{"href":"https:\/\/tasty-natural.com\/ca\/wp-json\/wp\/v2\/types\/page"}],"author":[{"embeddable":true,"href":"https:\/\/tasty-natural.com\/ca\/wp-json\/wp\/v2\/users\/1"}],"replies":[{"embeddable":true,"href":"https:\/\/tasty-natural.com\/ca\/wp-json\/wp\/v2\/comments?post=6917"}],"version-history":[{"count":23,"href":"https:\/\/tasty-natural.com\/ca\/wp-json\/wp\/v2\/pages\/6917\/revisions"}],"predecessor-version":[{"id":7596,"href":"https:\/\/tasty-natural.com\/ca\/wp-json\/wp\/v2\/pages\/6917\/revisions\/7596"}],"wp:attachment":[{"href":"https:\/\/tasty-natural.com\/ca\/wp-json\/wp\/v2\/media?parent=6917"}],"curies":[{"name":"wp","href":"https:\/\/api.w.org\/{rel}","templated":true}]}}