{"id":7534,"date":"2020-09-25T10:03:55","date_gmt":"2020-09-25T08:03:55","guid":{"rendered":"https:\/\/tasty-natural.com\/privacitat\/"},"modified":"2021-03-24T10:59:49","modified_gmt":"2021-03-24T09:59:49","slug":"privacitat","status":"publish","type":"page","link":"https:\/\/tasty-natural.com\/ca\/privacitat\/","title":{"rendered":"Privacitat"},"content":{"rendered":"<div class=\"wpb-content-wrapper\"><p>[vc_row][vc_column][vc_column_text]<\/p>\n<h4><strong>1. INFORMACI\u00d3 PER A L\u2019USUARI<\/strong><\/h4>\n<p><strong>Qui \u00e9s el responsable del tractament de les teves dades personals?<\/strong><\/p>\n<p>EXQUISITARIUM, S.L. \u00e9s el RESPONSABLE del tractament de les dades personals de l\u2019USUARI i l\u2019informa que aquestes dades es tractaran de conformitat amb el que disposa el Reglament (UE) 2016\/679, de 27 d\u2019abril (GDPR), i la Llei Org\u00e0nica 3\/2018, de 5 de desembre (LOPDGDD).<\/p>\n<p><strong>Perqu\u00e8 tractem les teves dades personals?<br \/>\n<\/strong><br \/>\nPer mantenir una relaci\u00f3 comercial amb l\u2019usuari. Les operacions previstes per fer el tractament s\u00f3n:<\/p>\n<ul>\n<li>Remesa de comunicacions comercials publicit\u00e0ries per e-mail, fax, SMS, MMS, xarxes socials o qualsevol altre mitj\u00e0 electr\u00f2nic o f\u00edsic, present o futur, que permeti efectuar comunicacions comercials. Aquestes comunicacions s\u2019han de fer per mitj\u00e0 del RESPONSABLE i estan relacionades amb els seus productes i serveis, o amb els seus col\u00b7laboradors o prove\u00efdors, amb els quals hagi arribat a algun acord de promoci\u00f3. En aquest cas, els tercers no tindran mai acc\u00e9s a les dades personals.<\/li>\n<li>Efectuar estudis de mercat i an\u00e0lisis estad\u00edstiques.<\/li>\n<li>Tramitar enc\u00e0rrecs de peticions, donar resposta a les consultes o qualsevol tipus de petici\u00f3 que faci l\u2019USUARI a trav\u00e9s de qualsevol de les formes de contacte que es posen a la seva disposici\u00f3 a la p\u00e0gina web del RESPONSABLE.<\/li>\n<li>Enviar el butllet\u00ed informatiu online, sobre novetats, ofertes i promocions en la nostra activitat.<\/li>\n<\/ul>\n<p><strong>Per quin motiu podem tractar les teves dades personals?<\/strong><\/p>\n<p>Perqu\u00e8 el tractament est\u00e0 legitimat per l\u2019article 6 del GDPR de la seg\u00fcent manera:<\/p>\n<ul>\n<li>Amb el consentiment de l\u2019USUARI: enviament de comunicacions comercials i del butllet\u00ed informatiu.<\/li>\n<li>Per inter\u00e8s leg\u00edtim del RESPONSABLE: efectuar estudis de mercat, an\u00e0lisis estad\u00edstiques, etc. i tramitar enc\u00e0rrecs, sol\u00b7licituds, etc. a petici\u00f3 de l\u2019USUARI.<\/li>\n<\/ul>\n<p><strong>Durant quant de temps guardarem les teves dades personals?<\/strong><\/p>\n<p>Es conservaran durant no m\u00e9s temps del necessari per mantenir la finalitat del tractament o mentre hi hagi prescripcions legals que en dictaminin la cust\u00f2dia i quan ja no sigui necessari per a aix\u00f2, se suprimiran amb mesures de seguretat adequades per garantir l\u2019anonimitzaci\u00f3 de les dades o la seva destrucci\u00f3 total.<\/p>\n<p><strong>A qui facilitem les teves dades personals?\u2028<\/strong><\/p>\n<p>No est\u00e0 prevista cap comunicaci\u00f3 de dades personals a tercers excepte, si fos necessari per al desenvolupament i execuci\u00f3 de les finalitats del tractament, als nostres prove\u00efdors de serveis relacionats amb comunicacions, amb els quals el RESPONSABLE ha formalitzat els contractes de confidencialitat i d\u2019encarregat de tractament exigits per la normativa vigent de privacitat.\u2028<\/p>\n<p><strong>Quins s\u00f3n els teus drets?<\/strong><\/p>\n<p>Els drets que t\u00e9 l\u2019USUARI s\u00f3n:<\/p>\n<ul>\n<li>Dret a retirar el consentiment en qualsevol moment.<\/li>\n<li>Dret d\u2019acc\u00e9s, rectificaci\u00f3, portabilitat i supressi\u00f3 de les seves dades i de limitaci\u00f3 o oposici\u00f3 al seu tractament.<\/li>\n<li>Dret a presentar una reclamaci\u00f3 davant l\u2019autoritat de control (www.aepd.es) si considera que el tractament no s\u2019ajusta a la normativa vigent.<\/li>\n<\/ul>\n<p><strong>Dades de contacte per exercir els seus drets:<\/strong><br \/>\nEXQUISITARIUM, S.L.. C\/ Turp, 11, Zona Industrial Figolers, &#8211; 25790 Oliana (Lleida). E-mail: info@exquisitarium.com.[\/vc_column_text][vc_column_text]<\/p>\n<h4><strong>2. CAR\u00c0CTER OBLIGATORI O FACULTATIU DE LA INFORMACI\u00d3 FACILITADA PER L\u2019USUARI<\/strong><\/h4>\n<p>Els USUARIS, per mitj\u00e0 de les caselles corresponents i la introducci\u00f3 de dades en els camps, marcats amb l\u2019asterisc (*) en el formulari de contacte o presentats en formularis de desc\u00e0rrega, accepten expressament i de manera lliure i inequ\u00edvoca, que les seves dades s\u00f3n necess\u00e0ries per a l\u2019atenci\u00f3 de la seva petici\u00f3, per part del prestador, i que per tant la inclusi\u00f3 de les dades en els camps restants \u00e9s volunt\u00e0ria. L\u2019USUARI garanteix que les dades personals facilitades al RESPONSABLE s\u00f3n ver\u00eddiques i es fa responsable de comunicar-ne qualsevol modificaci\u00f3.<\/p>\n<p>El RESPONSABLE informa que totes les dades sol\u00b7licitades a trav\u00e9s del lloc web s\u00f3n obligat\u00f2ries, ja que s\u00f3n necess\u00e0ries per a la prestaci\u00f3 d\u2019un servei \u00f2ptim a l\u2019USUARI. En cas que no es facilitin totes les dades, no es garanteix que la informaci\u00f3 i serveis facilitats s\u2019ajustin completament a les seves necessitats.[\/vc_column_text][vc_column_text]<\/p>\n<h4><strong>3. MESURES DE SEGURETAT<\/strong><\/h4>\n<p>Que, de conformitat amb el que estableixen les normatives vigents en protecci\u00f3 de dades personals, el RESPONSABLE est\u00e0 complint amb totes les disposicions de les normatives GDPR i LOPDGDD per al tractament de les dades personals de la seva responsabilitat, i manifestament amb els principis descrits a l\u2019article 5 del GDPR, pels quals es tracten de manera l\u00edcita, lleial i transparent en relaci\u00f3 amb l\u2019interessat i adequades, pertinents i limitades al que \u00e9s necessari en relaci\u00f3 amb les finalitats per a les quals es tracten.<\/p>\n<p>El RESPONSABLE garanteix que ha implementat pol\u00edtiques t\u00e8cniques i organitzatives apropiades per aplicar les mesures de seguretat que estableixen el GDPR i la LOPDGDD per tal de protegir els drets i llibertats dels USUARIS i els ha comunicat la informaci\u00f3 adequada perqu\u00e8 puguin exercir-los.<\/p>\n<p>Per a m\u00e9s informaci\u00f3 sobre les garanties de privacitat, pots dirigir-te al RESPONSABLE a trav\u00e9s de EXQUISITARIUM, S.L.. C\/ Turp, 11, Zona Industrial Figolers, &#8211; 25790 Oliana (Lleida). E-mail: info@exquisitarium.com.<\/p>\n<p>[\/vc_column_text][\/vc_column][\/vc_row]<\/p>\n<\/div>","protected":false},"excerpt":{"rendered":"<p>[vc_row][vc_column][vc_column_text] 1. INFORMACI\u00d3 PER A L\u2019USUARI Qui \u00e9s el responsable del tractament de les teves dades personals? EXQUISITARIUM, S.L. \u00e9s el RESPONSABLE del tractament de les dades personals de l\u2019USUARI i l\u2019informa que aquestes dades es tractaran de conformitat amb el que disposa el Reglament (UE) 2016\/679, de 27 d\u2019abril (GDPR), i la Llei Org\u00e0nica [&hellip;]<\/p>\n","protected":false},"author":1,"featured_media":0,"parent":0,"menu_order":0,"comment_status":"closed","ping_status":"closed","template":"","meta":{"footnotes":""},"_links":{"self":[{"href":"https:\/\/tasty-natural.com\/ca\/wp-json\/wp\/v2\/pages\/7534"}],"collection":[{"href":"https:\/\/tasty-natural.com\/ca\/wp-json\/wp\/v2\/pages"}],"about":[{"href":"https:\/\/tasty-natural.com\/ca\/wp-json\/wp\/v2\/types\/page"}],"author":[{"embeddable":true,"href":"https:\/\/tasty-natural.com\/ca\/wp-json\/wp\/v2\/users\/1"}],"replies":[{"embeddable":true,"href":"https:\/\/tasty-natural.com\/ca\/wp-json\/wp\/v2\/comments?post=7534"}],"version-history":[{"count":7,"href":"https:\/\/tasty-natural.com\/ca\/wp-json\/wp\/v2\/pages\/7534\/revisions"}],"predecessor-version":[{"id":9946,"href":"https:\/\/tasty-natural.com\/ca\/wp-json\/wp\/v2\/pages\/7534\/revisions\/9946"}],"wp:attachment":[{"href":"https:\/\/tasty-natural.com\/ca\/wp-json\/wp\/v2\/media?parent=7534"}],"curies":[{"name":"wp","href":"https:\/\/api.w.org\/{rel}","templated":true}]}}