{"id":7540,"date":"2020-09-25T10:13:59","date_gmt":"2020-09-25T08:13:59","guid":{"rendered":"https:\/\/tasty-natural.com\/politica-de-qualitat-i-seguretat-de-lalimentacio\/"},"modified":"2020-09-25T10:28:15","modified_gmt":"2020-09-25T08:28:15","slug":"politica-de-qualitat-i-seguretat-de-lalimentacio","status":"publish","type":"page","link":"https:\/\/tasty-natural.com\/ca\/politica-de-qualitat-i-seguretat-de-lalimentacio\/","title":{"rendered":"Pol\u00edtica de qualitat i seguretat de l&#8217;alimentaci\u00f3"},"content":{"rendered":"<div class=\"wpb-content-wrapper\"><p>[vc_row][vc_column][vc_column_text]<\/p>\n<h4><span style=\"color: #000000;\"><strong>Pol\u00edtica de qualitat i seguretat aliment\u00e0ria<\/strong><\/span><\/h4>\n<p><strong>EXQUISITARIUM<\/strong>  produeix plats congelats de valor afegit per als millors restaurants i c\u00e0tering del m\u00f3n, en molts casos adaptats a les necessitats del client, combinant tradici\u00f3 i innovaci\u00f3. La qualitat, la seguretat i la legalitat del servei, aix\u00ed com el respecte i la preservaci\u00f3 del medi ambient i la sostenibilitat, s\u00f3n compromisos que l&#8217;organitzaci\u00f3 assumeix com a base d&#8217;una decisi\u00f3 estrat\u00e8gica i de comprom\u00eds amb el client, en el qual dep\u00e8n la seva imatge, el seu \u00e8xit i la seva posici\u00f3 en el mercat.<\/p>\n<p>El cat\u00e0leg de productes \u00e9s molt extens i es renova constantment. Una perfecta sincronitzaci\u00f3 entre tots els nostres departaments aconsegueix satisfer totes les necessitats dels nostres clients de forma r\u00e0pida i eficient, assegurant que els productes mantinguin la seva qualitat i seguretat durant els processos de recepci\u00f3 i emmagatzematge de mat\u00e8ries primeres, preparaci\u00f3 de receptes, el seu emmagatzematge i la log\u00edstica de sortida de la mercaderia des del nostre magatzem.<\/p>\n<p>Assumim com a propis els valors de qualitat i seguretat del servei com a objectiu en el nostre treball diari basant-me en els seg\u00fcents principis:<\/p>\n<ul>\n<li>Complir amb els requisits establerts en el sistema integrat de gesti\u00f3 de la qualitat i la posada en seguretat dels aliments, requisits legals i reglamentaris aplicables i requisits del client.<\/li>\n<li>Garantir el desenvolupament i compliment de les pautes d&#8217;higiene.<\/li>\n<li>Mantenir una tra\u00e7abilitat integral<\/li>\n<li>S&#8217;adapta cont\u00ednuament als canvis en el nostre entorn, i especialment a les exig\u00e8ncies dels nostres clients, sent \u00e0gil i r\u00e0pid en la detecci\u00f3 d&#8217;oportunitats de millora o d&#8217;innovaci\u00f3, aix\u00ed com en la seva implementaci\u00f3.<\/li>\n<li>Promoure l&#8217;esperit de millora cont\u00ednua com a base del treball diari, buscant les solucions m\u00e9s eficaces i efectives.<\/li>\n<li>Promoure el potencial de desenvolupament de tots els implicats en l&#8217;execuci\u00f3 de serveis, la seva capacitat d&#8217;aprenentatge, creixement i valors que s\u00f3n la base sobre la qual es fonamenta l&#8217;orgull personal i professional de la feina ben feta.<\/li>\n<li>Fomentar el comportament \u00e8tic i honest a la nostra empresa<\/li>\n<li>Establir objectius mesurables alineats amb l&#8217;assegurament de la seguretat dels serveis oferts.<\/li>\n<li>Fomentar la comunicaci\u00f3 activa amb totes les parts implicades en la garantia de la seguretat aliment\u00e0ria.<\/li>\n<\/ul>\n<p>&nbsp;<\/p>\n<p>Per dur a terme aquesta pol\u00edtica de qualitat i seguretat aliment\u00e0ria, la direcci\u00f3 confia en la seva organitzaci\u00f3 a la qual transmet aquesta pol\u00edtica i l\u00ednies generals d&#8217;actuaci\u00f3, procurant que assumeixin la qualitat del seu treball i s&#8217;identifiquin amb la imatge de l&#8217;empresa. Tot aix\u00f2 permet que  <strong>EXQUISITARIUM<\/strong> creixi i tingui el reconeixement dels seus clients, complint una responsabilitat \u00e8tica i laboral.<\/p>\n<p>Aquesta pol\u00edtica de qualitat i seguretat aliment\u00e0ria est\u00e0 disseminada, assumida i implementada per tots els nivells de l&#8217;organitzaci\u00f3, comprometent-se a la millora cont\u00ednua del servei prestat, a trav\u00e9s de la implicaci\u00f3 i sincronitzaci\u00f3 amb tots els col\u00b7laboradors externs.<\/p>\n<p>[\/vc_column_text][\/vc_column][\/vc_row]<\/p>\n<\/div>","protected":false},"excerpt":{"rendered":"<p>[vc_row][vc_column][vc_column_text] Pol\u00edtica de qualitat i seguretat aliment\u00e0ria EXQUISITARIUM produeix plats congelats de valor afegit per als millors restaurants i c\u00e0tering del m\u00f3n, en molts casos adaptats a les necessitats del client, combinant tradici\u00f3 i innovaci\u00f3. La qualitat, la seguretat i la legalitat del servei, aix\u00ed com el respecte i la preservaci\u00f3 del medi ambient i [&hellip;]<\/p>\n","protected":false},"author":1,"featured_media":0,"parent":0,"menu_order":0,"comment_status":"closed","ping_status":"closed","template":"","meta":{"footnotes":""},"_links":{"self":[{"href":"https:\/\/tasty-natural.com\/ca\/wp-json\/wp\/v2\/pages\/7540"}],"collection":[{"href":"https:\/\/tasty-natural.com\/ca\/wp-json\/wp\/v2\/pages"}],"about":[{"href":"https:\/\/tasty-natural.com\/ca\/wp-json\/wp\/v2\/types\/page"}],"author":[{"embeddable":true,"href":"https:\/\/tasty-natural.com\/ca\/wp-json\/wp\/v2\/users\/1"}],"replies":[{"embeddable":true,"href":"https:\/\/tasty-natural.com\/ca\/wp-json\/wp\/v2\/comments?post=7540"}],"version-history":[{"count":8,"href":"https:\/\/tasty-natural.com\/ca\/wp-json\/wp\/v2\/pages\/7540\/revisions"}],"predecessor-version":[{"id":7548,"href":"https:\/\/tasty-natural.com\/ca\/wp-json\/wp\/v2\/pages\/7540\/revisions\/7548"}],"wp:attachment":[{"href":"https:\/\/tasty-natural.com\/ca\/wp-json\/wp\/v2\/media?parent=7540"}],"curies":[{"name":"wp","href":"https:\/\/api.w.org\/{rel}","templated":true}]}}