{"id":7549,"date":"2020-09-25T10:36:02","date_gmt":"2020-09-25T08:36:02","guid":{"rendered":"https:\/\/tasty-natural.com\/enviaments-i-devolucions\/"},"modified":"2020-09-25T10:36:03","modified_gmt":"2020-09-25T08:36:03","slug":"enviaments-i-devolucions","status":"publish","type":"page","link":"https:\/\/tasty-natural.com\/ca\/enviaments-i-devolucions\/","title":{"rendered":"Enviaments i devolucions"},"content":{"rendered":"<div class=\"wpb-content-wrapper\"><p>[vc_row][vc_column width=&#8221;2\/3&#8243;][vc_column_text]<strong>CONDICIONS DEL SERVEI (Shipping)<\/strong><\/p>\n<p><strong>TEMPERATURA DE TRANSPORT:<\/strong> -18\u00baC congelat.<\/p>\n<p><strong>LLOCS DE LLIURAMENT<\/strong>: 72\/96h entre setmana de dilluns a divendres. Els dissabtes, diumenges i festius no hi haur\u00e0 servei.<\/p>\n<p><strong>TERMINIS:<\/strong> entre 08h del mat\u00ed i 16h de la tarda.<\/p>\n<p><strong>COBERTURES:<\/strong> lliuraments exclusivament a ciutats i codis postals establerts en el pla de servei de cotitzaci\u00f3 a la ciutat que actualment inclou:<\/p>\n<pre><strong>Ciutat<\/strong> \u00a0 \u00a0 \u00a0 \u00a0 \u00a0 \u00a0 \u00a0 \u00a0 <strong>Codi Postal<\/strong>\r\nAlt Urgell        A tota la comarca\r\nNoguera           A tota la comarca\r\nSegria            A tota la comarca\r\nSolsona           Solsona \r\nBARCELONA\u00a0\u00a0\u00a0\u00a0\u00a0\u00a0   08001 a 08042\r\nGIRONA\u00a0 \u00a0 \u00a0 \u00a0 \u00a0 \u00a0 17001 a 17007\r\nVALENCIA\u00a0 \u00a0 \u00a0 \u00a0 \u00a0 46001 a 46035\r\nSEVILLA\u00a0\u00a0\u00a0\u00a0\u00a0\u00a0\u00a0\u00a0\u00a0\u00a0\u00a041001 a 41092\r\nMALAGA\u00a0 \u00a0 \u00a0 \u00a0 \u00a0 \u00a0 29001 a 29016\r\nMARBELLA\u00a0\u00a0\u00a0\u00a0\u00a0\u00a0\u00a0\u00a0\u00a0 29600 a 29606\r\nSAN PEDRO ALCANTARA\u00a0\u00a0\u00a0\u00a0\u00a0\u00a0\u00a029670 \/ 29678\r\nCORDOBA\u00a0\u00a0\u00a0\u00a0\u00a0\u00a0\u00a0\u00a0\u00a0\u00a0 14001 a 14014\r\nBILBAO\u00a0 \u00a0 \u00a0 \u00a0 \u00a0 \u00a0 48001 a 48015\r\nVITORIA\u00a0 \u00a0 \u00a0 \u00a0 \u00a0 \u00a001001 a 01013 \/ 01015 \/ 01195\r\nZARAGOZA\u00a0\u00a0\u00a0\u00a0\u00a0\u00a0\u00a0\u00a0\u00a0 50001 a 50019\r\nLOGRO\u00d1O\u00a0\u00a0\u00a0\u00a0\u00a0\u00a0\u00a0\u00a0\u00a0\u00a0 26001 a 26009\r\nMADRID\u00a0 \u00a0 \u00a0 \u00a0 \u00a0 \u00a0 28000 a 28055\r\nALCOBENDAS\u00a0\u00a0\u00a0     28100 \/ 28108 a 28109\r\nCOSLADA\u00a0\u00a0\u00a0\u00a0\u00a0\u00a0\u00a0\u00a0\u00a0\u00a0\u00a028820 a 28823\r\nSAN FERNANDO HENARES\u00a0\u00a0\u00a0\u00a0\u00a0\u00a028830\r\nRIVAS VACIAMADRID 28521 a 28523 \/ 28529\r\nGETAFE\u00a0\u00a0\u00a0\u00a0\u00a0\u00a0\u00a0\u00a0\u00a0\u00a0\u00a0\u00a028901 a 28909\r\nLEGANES\u00a0\u00a0\u00a0\u00a0\u00a0\u00a0\u00a0\u00a0\u00a0\u00a0\u00a028911 a 28919\r\nPOZUELO\u00a0\u00a0\u00a0\u00a0\u00a0\u00a0\u00a0\u00a0\u00a0\u00a0\u00a028923 a 28924\r\nALCORCON\u00a0\u00a0\u00a0\u00a0\u00a0\u00a0\u00a0\u00a0  28921 a 28925\r\nMAJADAHONDA       28221 a 28223\r\nBOADILLA DEL MONTE\u00a0\u00a0      28860<\/pre>\n<p><strong>RECLAMACIONS:<\/strong> no s&#8217;acceptaran si la incid\u00e8ncia no ha estat clara i detallada pel destinatari en el albar\u00e0 en el moment del lliurament i els b\u00e9ns no han estat rebutjats.<\/p>\n<p><strong>SEGONS SERVEIS I DEVOLUCIONS<\/strong>: lliuraments no realitzades perqu\u00e8 el destinatari estigui absent o no assistint a la recepci\u00f3 de l&#8217;ordre entre 08h i 16h, havent estat  present l&#8217;empresa de transport a l&#8217;adre\u00e7a de lliurament, ser\u00e0 reprogramat pel client. Les trameses no realitzades es tornaran a publicar el dia h\u00e0bil seg\u00fcent, llevat que el client indiqui el contrari.<br \/>\nNo es permeten devolucions[\/vc_column_text][\/vc_column][vc_column width=&#8221;1\/3&#8243;][vc_single_image image=&#8221;7399&#8243; img_size=&#8221;full&#8221;][\/vc_column][\/vc_row]<\/p>\n<\/div>","protected":false},"excerpt":{"rendered":"<p>[vc_row][vc_column width=&#8221;2\/3&#8243;][vc_column_text]CONDICIONS DEL SERVEI (Shipping) TEMPERATURA DE TRANSPORT: -18\u00baC congelat. LLOCS DE LLIURAMENT: 72\/96h entre setmana de dilluns a divendres. Els dissabtes, diumenges i festius no hi haur\u00e0 servei. TERMINIS: entre 08h del mat\u00ed i 16h de la tarda. COBERTURES: lliuraments exclusivament a ciutats i codis postals establerts en el pla de servei de cotitzaci\u00f3 [&hellip;]<\/p>\n","protected":false},"author":1,"featured_media":0,"parent":0,"menu_order":0,"comment_status":"closed","ping_status":"closed","template":"","meta":{"footnotes":""},"_links":{"self":[{"href":"https:\/\/tasty-natural.com\/ca\/wp-json\/wp\/v2\/pages\/7549"}],"collection":[{"href":"https:\/\/tasty-natural.com\/ca\/wp-json\/wp\/v2\/pages"}],"about":[{"href":"https:\/\/tasty-natural.com\/ca\/wp-json\/wp\/v2\/types\/page"}],"author":[{"embeddable":true,"href":"https:\/\/tasty-natural.com\/ca\/wp-json\/wp\/v2\/users\/1"}],"replies":[{"embeddable":true,"href":"https:\/\/tasty-natural.com\/ca\/wp-json\/wp\/v2\/comments?post=7549"}],"version-history":[{"count":3,"href":"https:\/\/tasty-natural.com\/ca\/wp-json\/wp\/v2\/pages\/7549\/revisions"}],"predecessor-version":[{"id":7552,"href":"https:\/\/tasty-natural.com\/ca\/wp-json\/wp\/v2\/pages\/7549\/revisions\/7552"}],"wp:attachment":[{"href":"https:\/\/tasty-natural.com\/ca\/wp-json\/wp\/v2\/media?parent=7549"}],"curies":[{"name":"wp","href":"https:\/\/api.w.org\/{rel}","templated":true}]}}