{"id":7572,"date":"2020-10-06T11:41:13","date_gmt":"2020-10-06T09:41:13","guid":{"rendered":"https:\/\/tasty-natural.com\/menus\/"},"modified":"2021-02-26T23:02:46","modified_gmt":"2021-02-26T22:02:46","slug":"menus","status":"publish","type":"page","link":"https:\/\/tasty-natural.com\/ca\/menus\/","title":{"rendered":"Men\u00fas"},"content":{"rendered":"<div class=\"wpb-content-wrapper\"><p>[vc_row][vc_column width=&#8221;1\/3&#8243;][vc_single_image image=&#8221;6261&#8243; img_size=&#8221;large&#8221; title=&#8221;Men\u00fas Mix&#8221;][vc_column_text]Descripci\u00f3 de men\u00fas.[\/vc_column_text][vc_btn title=&#8221;Veure men\u00fas&#8221; shape=&#8221;square&#8221; color=&#8221;warning&#8221; link=&#8221;url:https%3A%2F%2Ftasty-natural.com%2Fca%2Fcategoria-producte%2Fmenus-ca%2F%3Flang%3Dca|&#8221;][\/vc_column][vc_column width=&#8221;1\/3&#8243;][vc_single_image image=&#8221;6258&#8243; img_size=&#8221;large&#8221; title=&#8221;Men\u00fas Vegans&#8221;][vc_column_text]Descripci\u00f3 de men\u00fas.[\/vc_column_text][vc_btn title=&#8221;Veure men\u00fas&#8221; shape=&#8221;square&#8221; color=&#8221;warning&#8221; link=&#8221;url:https%3A%2F%2Ftasty-natural.com%2Fca%2Fcategoria-producte%2Fmenus-ca%2F%3Flang%3Dca|&#8221;][\/vc_column][vc_column width=&#8221;1\/3&#8243;][vc_single_image image=&#8221;6264&#8243; img_size=&#8221;large&#8221; title=&#8221;Men\u00fas Sense Gluten&#8221;][vc_column_text]Descripci\u00f3 de men\u00fas.[\/vc_column_text][vc_btn title=&#8221;Veure men\u00fas&#8221; shape=&#8221;square&#8221; color=&#8221;warning&#8221; link=&#8221;url:https%3A%2F%2Ftasty-natural.com%2Fca%2Fcategoria-producte%2Fmenus-ca%2F%3Flang%3Dca|&#8221;][\/vc_column][\/vc_row]<\/p>\n<\/div>","protected":false},"excerpt":{"rendered":"<p>[vc_row][vc_column width=&#8221;1\/3&#8243;][vc_single_image image=&#8221;6261&#8243; img_size=&#8221;large&#8221; title=&#8221;Men\u00fas Mix&#8221;][vc_column_text]Descripci\u00f3 de men\u00fas.[\/vc_column_text][vc_btn title=&#8221;Veure men\u00fas&#8221; shape=&#8221;square&#8221; color=&#8221;warning&#8221; link=&#8221;url:https%3A%2F%2Ftasty-natural.com%2Fca%2Fcategoria-producte%2Fmenus-ca%2F%3Flang%3Dca|&#8221;][\/vc_column][vc_column width=&#8221;1\/3&#8243;][vc_single_image image=&#8221;6258&#8243; img_size=&#8221;large&#8221; title=&#8221;Men\u00fas Vegans&#8221;][vc_column_text]Descripci\u00f3 de men\u00fas.[\/vc_column_text][vc_btn title=&#8221;Veure men\u00fas&#8221; shape=&#8221;square&#8221; color=&#8221;warning&#8221; link=&#8221;url:https%3A%2F%2Ftasty-natural.com%2Fca%2Fcategoria-producte%2Fmenus-ca%2F%3Flang%3Dca|&#8221;][\/vc_column][vc_column width=&#8221;1\/3&#8243;][vc_single_image image=&#8221;6264&#8243; img_size=&#8221;large&#8221; title=&#8221;Men\u00fas Sense Gluten&#8221;][vc_column_text]Descripci\u00f3 de men\u00fas.[\/vc_column_text][vc_btn title=&#8221;Veure men\u00fas&#8221; shape=&#8221;square&#8221; color=&#8221;warning&#8221; link=&#8221;url:https%3A%2F%2Ftasty-natural.com%2Fca%2Fcategoria-producte%2Fmenus-ca%2F%3Flang%3Dca|&#8221;][\/vc_column][\/vc_row]<\/p>\n","protected":false},"author":1,"featured_media":0,"parent":0,"menu_order":0,"comment_status":"closed","ping_status":"closed","template":"","meta":{"footnotes":""},"_links":{"self":[{"href":"https:\/\/tasty-natural.com\/ca\/wp-json\/wp\/v2\/pages\/7572"}],"collection":[{"href":"https:\/\/tasty-natural.com\/ca\/wp-json\/wp\/v2\/pages"}],"about":[{"href":"https:\/\/tasty-natural.com\/ca\/wp-json\/wp\/v2\/types\/page"}],"author":[{"embeddable":true,"href":"https:\/\/tasty-natural.com\/ca\/wp-json\/wp\/v2\/users\/1"}],"replies":[{"embeddable":true,"href":"https:\/\/tasty-natural.com\/ca\/wp-json\/wp\/v2\/comments?post=7572"}],"version-history":[{"count":9,"href":"https:\/\/tasty-natural.com\/ca\/wp-json\/wp\/v2\/pages\/7572\/revisions"}],"predecessor-version":[{"id":8325,"href":"https:\/\/tasty-natural.com\/ca\/wp-json\/wp\/v2\/pages\/7572\/revisions\/8325"}],"wp:attachment":[{"href":"https:\/\/tasty-natural.com\/ca\/wp-json\/wp\/v2\/media?parent=7572"}],"curies":[{"name":"wp","href":"https:\/\/api.w.org\/{rel}","templated":true}]}}