{"id":7729,"date":"2020-11-23T16:45:37","date_gmt":"2020-11-23T15:45:37","guid":{"rendered":"https:\/\/tasty-natural.com\/blog-2\/"},"modified":"2020-11-23T16:45:37","modified_gmt":"2020-11-23T15:45:37","slug":"blog-2","status":"publish","type":"page","link":"https:\/\/tasty-natural.com\/ca\/blog-2\/","title":{"rendered":"Blog"},"content":{"rendered":"<div class=\"wpb-content-wrapper\"><p>[vc_row el_class=&#8221;blog-newside blog-2-column&#8221; css=&#8221;.vc_custom_1553131765962{padding-top: 20px !important;}&#8221;]<\/p>\n<p>[vc_column]<\/p>\n\t\t\t\t<div class=\"ftc-sb-blogs ftc-grid ftc-shortcode\"  data-atts=\"{&quot;title&quot;:&quot;&quot;,&quot;columns&quot;:2,&quot;categories&quot;:&quot;&quot;,&quot;per_page&quot;:&quot;6&quot;,&quot;orderby&quot;:&quot;date&quot;,&quot;order&quot;:&quot;DESC&quot;,&quot;style&quot;:1,&quot;show_title&quot;:&quot;1&quot;,&quot;show_thumbnail&quot;:&quot;1&quot;,&quot;show_author&quot;:&quot;1&quot;,&quot;show_date&quot;:&quot;1&quot;,&quot;show_comment&quot;:&quot;0&quot;,&quot;show_excerpt&quot;:&quot;1&quot;,&quot;show_readmore&quot;:&quot;1&quot;,&quot;excerpt_words&quot;:&quot;270&quot;,&quot;is_slider&quot;:0,&quot;show_nav&quot;:&quot;1&quot;,&quot;dots&quot;:&quot;1&quot;,&quot;auto_play&quot;:&quot;0&quot;,&quot;margin&quot;:30,&quot;is_masonry&quot;:0,&quot;show_load_more&quot;:&quot;1&quot;,&quot;is_grid&quot;:1,&quot;desksmall_items&quot;:&quot;2&quot;,&quot;tablet_items&quot;:&quot;2&quot;,&quot;tabletmini_items&quot;:&quot;2&quot;,&quot;mobile_items&quot;:&quot;1&quot;,&quot;mobilesmall_items&quot;:&quot;1&quot;}\" >\n\t\t\t\t\t\t\t\t\t\t<div class=\"meta-slider\">\n\t\t\t\t\t\t<div class=\"blogs \">\n\t\t\t\t\t\t\t\t\t\t\t\t<article class=\"post-wrapper  col-sm-6 first\">\n\t\t\t\t\t\t<!-- Blog Date -->\n\t\t\t\t\t\t\t\t\t\t\t\t\t<div class=\"blog-timeline-none\">\n\t\t\t\t\t\t\t\t<a class=\"blog-image-timeline \" href=\"https:\/\/tasty-natural.com\/ca\/tasty-rep-la-certificacio-per-a-la-fabricacio-de-productes-sense-gluten\/\">\n\t\t\t\t\t\t\t\t\t<img width=\"1000\" height=\"750\" src=\"https:\/\/tasty-natural.com\/wp-content\/uploads\/2020\/04\/IMG_E0958.jpg\" class=\"attachment-ftc_blog_shortcode_thumb size-ftc_blog_shortcode_thumb wp-post-image\" alt=\"\" decoding=\"async\" srcset=\"https:\/\/tasty-natural.com\/wp-content\/uploads\/2020\/04\/IMG_E0958.jpg 1000w, https:\/\/tasty-natural.com\/wp-content\/uploads\/2020\/04\/IMG_E0958-600x450.jpg 600w\" sizes=\"(max-width: 1000px) 100vw, 1000px\" \/>\t\t\t\t\t\t\t\t<\/a>\n\t\t\t\t\t\t\t\t<div class=\"date-time-left date-blog-timeline\">\n\t\t\t\t\t\t\t\t\t<p>23<\/p>\n\t\t\t\t\t\t\t\t\t<p>febr.<\/p>\n\t\t\t\t\t\t\t\t<\/div>\n\t\t\t\t\t\t\t<\/div>\n\n\t\t\t\t\t\t\n\n\n\t\t\t\t\t\t<div class=\"post-img\">\n\t\t\t\t\t\t\t\t\t\t\t\t\t\t\t\t\t\t\t\t\t\t\t\t<a class=\"blog-image  \" href=\"https:\/\/tasty-natural.com\/ca\/tasty-rep-la-certificacio-per-a-la-fabricacio-de-productes-sense-gluten\/\">\n\t\t\t\t\t\t\t\t\t\t<img width=\"1000\" height=\"750\" src=\"https:\/\/tasty-natural.com\/wp-content\/uploads\/2020\/04\/IMG_E0958.jpg\" class=\"attachment-ftc_blog_shortcode_thumb size-ftc_blog_shortcode_thumb wp-post-image\" alt=\"\" decoding=\"async\" srcset=\"https:\/\/tasty-natural.com\/wp-content\/uploads\/2020\/04\/IMG_E0958.jpg 1000w, https:\/\/tasty-natural.com\/wp-content\/uploads\/2020\/04\/IMG_E0958-600x450.jpg 600w\" sizes=\"(max-width: 1000px) 100vw, 1000px\" \/>\t\t\t\t\t\t\t\t\t<\/a>\n\n\n\t\t\t\t\t\t\t\t\t\t\t\t\t\t\t\t<!-- Blog Date -->\n\t\t\t\t\t\t\t\t\t\t\t\t\t\t\t<div class=\"date-time\">\n\t\t\t\t\t\t\t\t\t<span>23<\/span>\n\t\t\t\t\t\t\t\t\t<span>febr.<\/span>\n\t\t\t\t\t\t\t\t<\/div>\n\t\t\t\t\t\t\t\t\t\t\t\t\t<\/div>\n\n\t\t\t\t\t\t\t\t\t\t\t\t\t<div class=\"date-time time-home18\">\n\t\t\t\t\t\t\t\t<span>23<\/span>\n\t\t\t\t\t\t\t\t<span>febr.<\/span>\n\t\t\t\t\t\t\t<\/div>\n\t\t\t\t\t\t\n\t\t\t\t\t\t\n\t\t\t\t\t\t\t<div class=\"post-info\">\n\n\t\t\t\t\t\t\t\t<header class=\"entry-header\">\n\t\t\t\t\t\t\t\t\t\t\t\t\t\t\t\t\t\t\t<div class=\"date-time time-home19\">\n\t\t\t\t\t\t\t\t\t\t\t<span>23<\/span>\n\t\t\t\t\t\t\t\t\t\t\t<span>febr.<\/span>\n\t\t\t\t\t\t\t\t\t\t<\/div>\n\t\t\t\t\t\t\t\t\t\t\t\t\t\t\t\t\t\t<!-- Entry header -->\n\t\t\t\t\t\t\t\t\t\t\t\t\t\t\t\t\t\t\t<h3 class=\"entry-title title_sub blog-title\"><a href=\"https:\/\/tasty-natural.com\/ca\/tasty-rep-la-certificacio-per-a-la-fabricacio-de-productes-sense-gluten\/\" rel=\"bookmark\">TASTY REP LA CERTIFICACI\u00d3 PER A LA FABRICACI\u00d3 DE PRODUCTES SENSE GLUTEN<\/a><\/h3>\n\t\t\t\t\t\t\t\t\t\n\t\t\t\t\t\t\t\t\t<div class=\"author-time-blog\">\n\t\t\t\t\t\t\t\t\t\t<!-- Post Author -->\n\t\t\t\t\t\t\t\t\t\t<div class=\"author\">\n\t\t\t\t\t\t\t\t\t\t\t\t\t\t\t\t\t\t\t\t\t\t\t<span class=\"byline\"><i class=\"fa fa-user\"><\/i> <a href=\"https:\/\/tasty-natural.com\/ca\/author\/tasty\/\" title=\"Entrades de TASTY Natural\" rel=\"author\">TASTY Natural<\/a><\/span>\n\t\t\t\t\t\t\t\t\t\t\t\t\t\t\t\t\t\t\t\t\t<\/div>\n\t\t\t\t\t\t\t\t\t\t<!-- Post Date Time -->\n\t\t\t\t\t\t\t\t\t\t\n\t\t\t\t\t\t\t\t\t\t<!-- Post Date -->\n\t\t\t\t\t\t\t\t\t\t\t\t\t\t\t\t\t\t\t\t\t<div class=\"date-time\">\n\t\t\t\t\t\t\t\t\t\t\t\t<i class=\"fa fa-calendar\"><\/i><span>febr. 23 , 2021<\/span>\n\t\t\t\t\t\t\t\t\t\t\t<\/div>\n\t\t\t\t\t\t\t\t\t\t\t\t\t\t\t\t\t\t\t<\/div>\n\n\n\t\t\t\t\t\t\t\t\t<!-- Post Comment -->\n\t\t\t\t\t\t\t\t\t\t\t\t\t\t\t\t\t<\/header>\n\n\n\t\t\t\t\t\t\t\t\n\t\t\t\t\t\t\t\t\t\t\t\t\t\t\t\t\t\t<div class=\"entry-content\"><p><p style=\"text-align: center;\"><img class=\"alignnone wp-image-7652\" src=\"https:\/\/tasty-natural.com\/wp-content\/uploads\/2018\/10\/ELS-Negro-1.png\" alt=\"\" width=\"150\" height=\"149\" \/><br \/>ES-344<\/p>\r\n<!-- wp:paragraph {\"translatedWithWPMLTM\":\"1\"} -->\r\n<p>Des de Tasty Natural<\/p><\/div>\n\t\t\t\t\t\t\t\t\n\t\t\t\t\t\t\t\t\t\t\t\t\t\t\t\t\t<a href=\"https:\/\/tasty-natural.com\/ca\/tasty-rep-la-certificacio-per-a-la-fabricacio-de-productes-sense-gluten\/\" class=\"button-readmore\">Read More<\/a>\n\t\t\t\t\t\t\t\t\n\t\t\t\t\t\t\t\t<div class=\"group-special-button\">\n\t\t\t\t\t\t\t\t\t<div class=\"group-button-blog\">\n\t\t\t\t\t\t\t\t\t\t\t\t\t\t\t\t\t\t\t\t\t<a href=\"https:\/\/tasty-natural.com\/ca\/tasty-rep-la-certificacio-per-a-la-fabricacio-de-productes-sense-gluten\/\" class=\"button-readmore\">Read More<\/a>\n\t\t\t\t\t\t\t\t\t\t\t\t\t\t\t\t\t\t\t\t<div class=\"text-social-share\">\n\t\t\t\t\t\t\t\t\t\t\t<div class=\"share-blog\"><i class=\"fa fa-share-alt\"><\/i>\n\t\t\t\t\t\t\t\t\t\t\t\t<ul class=\"ftc-social-sharing\">\n\t\t\t\t\t\t\t\t\t\t\t\t\t<li class=\"facebook\">\n\t\t\t\t\t\t\t\t\t\t\t\t\t\t<a href=\"https:\/\/www.facebook.com\/sharer.php?u=https:\/\/tasty-natural.com\/ca\/tasty-rep-la-certificacio-per-a-la-fabricacio-de-productes-sense-gluten\/\" target=\"_blank\"><i class=\"fa fa-facebook\"><\/i> Share<\/a>\n\t\t\t\t\t\t\t\t\t\t\t\t\t<\/li>\n\t\t\t\t\t\t\t\t\t\t\t\t\t<li class=\"twitter\">\n\t\t\t\t\t\t\t\t\t\t\t\t\t\t<a href=\"https:\/\/twitter.com\/share?url=https:\/\/tasty-natural.com\/ca\/tasty-rep-la-certificacio-per-a-la-fabricacio-de-productes-sense-gluten\/\" target=\"_blank\"><i class=\"fa fa-twitter\"><\/i> Tweet<\/a>\n\t\t\t\t\t\t\t\t\t\t\t\t\t<\/li>\n\n\t\t\t\t\t\t\t\t\t\t\t\t\t<li class=\"google-plus\">\n\t\t\t\t\t\t\t\t\t\t\t\t\t\t<a href=\"https:\/\/plus.google.com\/share?url=https:\/\/tasty-natural.com\/ca\/tasty-rep-la-certificacio-per-a-la-fabricacio-de-productes-sense-gluten\/\" target=\"_blank\"><i class=\"fa fa-google-plus\"><\/i> Google+<\/a>\n\t\t\t\t\t\t\t\t\t\t\t\t\t<\/li>\n\n\t\t\t\t\t\t\t\t\t\t\t\t<\/ul>\n\t\t\t\t\t\t\t\t\t\t\t<\/div>\n\t\t\t\t\t\t\t\t\t\t<\/div>\n\n\t\t\t\t\t\t\t\t\t<\/div>\n\t\t\t\t\t\t\t\t<\/div>\n\n\n\n\t\t\t\t\t\t\t<\/div>\n\n\t\t\t\t\t\t\n\t\t\t\t\t<\/article>\n\t\t\t\t\t\t\t\t\t\t<article class=\"post-wrapper  col-sm-6 last\">\n\t\t\t\t\t\t<!-- Blog Date -->\n\t\t\t\t\t\t\t\t\t\t\t\t\t<div class=\"blog-timeline-none\">\n\t\t\t\t\t\t\t\t<a class=\"blog-image-timeline \" href=\"https:\/\/tasty-natural.com\/ca\/multiples-beneficis-dels-aliments-congelats\/\">\n\t\t\t\t\t\t\t\t\t<img width=\"1080\" height=\"993\" src=\"https:\/\/tasty-natural.com\/wp-content\/uploads\/2019\/02\/foto-placa-de-cordero-nacional.jpg\" class=\"attachment-ftc_blog_shortcode_thumb size-ftc_blog_shortcode_thumb wp-post-image\" alt=\"\" decoding=\"async\" srcset=\"https:\/\/tasty-natural.com\/wp-content\/uploads\/2019\/02\/foto-placa-de-cordero-nacional.jpg 1080w, https:\/\/tasty-natural.com\/wp-content\/uploads\/2019\/02\/foto-placa-de-cordero-nacional-600x552.jpg 600w\" sizes=\"(max-width: 1080px) 100vw, 1080px\" \/>\t\t\t\t\t\t\t\t<\/a>\n\t\t\t\t\t\t\t\t<div class=\"date-time-left date-blog-timeline\">\n\t\t\t\t\t\t\t\t\t<p>23<\/p>\n\t\t\t\t\t\t\t\t\t<p>nov.<\/p>\n\t\t\t\t\t\t\t\t<\/div>\n\t\t\t\t\t\t\t<\/div>\n\n\t\t\t\t\t\t\n\n\n\t\t\t\t\t\t<div class=\"post-img\">\n\t\t\t\t\t\t\t\t\t\t\t\t\t\t\t\t\t\t\t\t\t\t\t\t<a class=\"blog-image  \" href=\"https:\/\/tasty-natural.com\/ca\/multiples-beneficis-dels-aliments-congelats\/\">\n\t\t\t\t\t\t\t\t\t\t<img width=\"1080\" height=\"993\" src=\"https:\/\/tasty-natural.com\/wp-content\/uploads\/2019\/02\/foto-placa-de-cordero-nacional.jpg\" class=\"attachment-ftc_blog_shortcode_thumb size-ftc_blog_shortcode_thumb wp-post-image\" alt=\"\" decoding=\"async\" srcset=\"https:\/\/tasty-natural.com\/wp-content\/uploads\/2019\/02\/foto-placa-de-cordero-nacional.jpg 1080w, https:\/\/tasty-natural.com\/wp-content\/uploads\/2019\/02\/foto-placa-de-cordero-nacional-600x552.jpg 600w\" sizes=\"(max-width: 1080px) 100vw, 1080px\" \/>\t\t\t\t\t\t\t\t\t<\/a>\n\n\n\t\t\t\t\t\t\t\t\t\t\t\t\t\t\t\t<!-- Blog Date -->\n\t\t\t\t\t\t\t\t\t\t\t\t\t\t\t<div class=\"date-time\">\n\t\t\t\t\t\t\t\t\t<span>23<\/span>\n\t\t\t\t\t\t\t\t\t<span>nov.<\/span>\n\t\t\t\t\t\t\t\t<\/div>\n\t\t\t\t\t\t\t\t\t\t\t\t\t<\/div>\n\n\t\t\t\t\t\t\t\t\t\t\t\t\t<div class=\"date-time time-home18\">\n\t\t\t\t\t\t\t\t<span>23<\/span>\n\t\t\t\t\t\t\t\t<span>nov.<\/span>\n\t\t\t\t\t\t\t<\/div>\n\t\t\t\t\t\t\n\t\t\t\t\t\t\n\t\t\t\t\t\t\t<div class=\"post-info\">\n\n\t\t\t\t\t\t\t\t<header class=\"entry-header\">\n\t\t\t\t\t\t\t\t\t\t\t\t\t\t\t\t\t\t\t<div class=\"date-time time-home19\">\n\t\t\t\t\t\t\t\t\t\t\t<span>23<\/span>\n\t\t\t\t\t\t\t\t\t\t\t<span>nov.<\/span>\n\t\t\t\t\t\t\t\t\t\t<\/div>\n\t\t\t\t\t\t\t\t\t\t\t\t\t\t\t\t\t\t<!-- Entry header -->\n\t\t\t\t\t\t\t\t\t\t\t\t\t\t\t\t\t\t\t<h3 class=\"entry-title title_sub blog-title\"><a href=\"https:\/\/tasty-natural.com\/ca\/multiples-beneficis-dels-aliments-congelats\/\" rel=\"bookmark\">M\u00faltiples beneficis dels aliments congelats<\/a><\/h3>\n\t\t\t\t\t\t\t\t\t\n\t\t\t\t\t\t\t\t\t<div class=\"author-time-blog\">\n\t\t\t\t\t\t\t\t\t\t<!-- Post Author -->\n\t\t\t\t\t\t\t\t\t\t<div class=\"author\">\n\t\t\t\t\t\t\t\t\t\t\t\t\t\t\t\t\t\t\t\t\t\t\t<span class=\"byline\"><i class=\"fa fa-user\"><\/i> <a href=\"https:\/\/tasty-natural.com\/ca\/author\/tasty\/\" title=\"Entrades de TASTY Natural\" rel=\"author\">TASTY Natural<\/a><\/span>\n\t\t\t\t\t\t\t\t\t\t\t\t\t\t\t\t\t\t\t\t\t<\/div>\n\t\t\t\t\t\t\t\t\t\t<!-- Post Date Time -->\n\t\t\t\t\t\t\t\t\t\t\n\t\t\t\t\t\t\t\t\t\t<!-- Post Date -->\n\t\t\t\t\t\t\t\t\t\t\t\t\t\t\t\t\t\t\t\t\t<div class=\"date-time\">\n\t\t\t\t\t\t\t\t\t\t\t\t<i class=\"fa fa-calendar\"><\/i><span>nov. 23 , 2020<\/span>\n\t\t\t\t\t\t\t\t\t\t\t<\/div>\n\t\t\t\t\t\t\t\t\t\t\t\t\t\t\t\t\t\t\t<\/div>\n\n\n\t\t\t\t\t\t\t\t\t<!-- Post Comment -->\n\t\t\t\t\t\t\t\t\t\t\t\t\t\t\t\t\t<\/header>\n\n\n\t\t\t\t\t\t\t\t\n\t\t\t\t\t\t\t\t\t\t\t\t\t\t\t\t\t\t<div class=\"entry-content\"><p>[vc_row][vc_column][vc_column_text]\r\n<div class=\"entry-content\">\r\n\r\nEls beneficis dels productes congelats s\u00f3n cada vegada m\u00e9s coneguts, encara que existeixi part de la poblaci\u00f3 que encara no est\u00e0 familiaritzada amb els m\u00faltiples avantatges que aquests ens poden ap<\/p><\/div>\n\t\t\t\t\t\t\t\t\n\t\t\t\t\t\t\t\t\t\t\t\t\t\t\t\t\t<a href=\"https:\/\/tasty-natural.com\/ca\/multiples-beneficis-dels-aliments-congelats\/\" class=\"button-readmore\">Read More<\/a>\n\t\t\t\t\t\t\t\t\n\t\t\t\t\t\t\t\t<div class=\"group-special-button\">\n\t\t\t\t\t\t\t\t\t<div class=\"group-button-blog\">\n\t\t\t\t\t\t\t\t\t\t\t\t\t\t\t\t\t\t\t\t\t<a href=\"https:\/\/tasty-natural.com\/ca\/multiples-beneficis-dels-aliments-congelats\/\" class=\"button-readmore\">Read More<\/a>\n\t\t\t\t\t\t\t\t\t\t\t\t\t\t\t\t\t\t\t\t<div class=\"text-social-share\">\n\t\t\t\t\t\t\t\t\t\t\t<div class=\"share-blog\"><i class=\"fa fa-share-alt\"><\/i>\n\t\t\t\t\t\t\t\t\t\t\t\t<ul class=\"ftc-social-sharing\">\n\t\t\t\t\t\t\t\t\t\t\t\t\t<li class=\"facebook\">\n\t\t\t\t\t\t\t\t\t\t\t\t\t\t<a href=\"https:\/\/www.facebook.com\/sharer.php?u=https:\/\/tasty-natural.com\/ca\/multiples-beneficis-dels-aliments-congelats\/\" target=\"_blank\"><i class=\"fa fa-facebook\"><\/i> Share<\/a>\n\t\t\t\t\t\t\t\t\t\t\t\t\t<\/li>\n\t\t\t\t\t\t\t\t\t\t\t\t\t<li class=\"twitter\">\n\t\t\t\t\t\t\t\t\t\t\t\t\t\t<a href=\"https:\/\/twitter.com\/share?url=https:\/\/tasty-natural.com\/ca\/multiples-beneficis-dels-aliments-congelats\/\" target=\"_blank\"><i class=\"fa fa-twitter\"><\/i> Tweet<\/a>\n\t\t\t\t\t\t\t\t\t\t\t\t\t<\/li>\n\n\t\t\t\t\t\t\t\t\t\t\t\t\t<li class=\"google-plus\">\n\t\t\t\t\t\t\t\t\t\t\t\t\t\t<a href=\"https:\/\/plus.google.com\/share?url=https:\/\/tasty-natural.com\/ca\/multiples-beneficis-dels-aliments-congelats\/\" target=\"_blank\"><i class=\"fa fa-google-plus\"><\/i> Google+<\/a>\n\t\t\t\t\t\t\t\t\t\t\t\t\t<\/li>\n\n\t\t\t\t\t\t\t\t\t\t\t\t<\/ul>\n\t\t\t\t\t\t\t\t\t\t\t<\/div>\n\t\t\t\t\t\t\t\t\t\t<\/div>\n\n\t\t\t\t\t\t\t\t\t<\/div>\n\t\t\t\t\t\t\t\t<\/div>\n\n\n\n\t\t\t\t\t\t\t<\/div>\n\n\t\t\t\t\t\t\n\t\t\t\t\t<\/article>\n\t\t\t\t\t\t\t\t\t\t\t<\/div>\n\t\t\t\t\t\t\t\t\t\t\t\t\t<div class=\"load-more-wrapper\">\n\t\t\t\t\t\t\t\t<a href=\"#\" class=\"load-more button\" data-paged=\"2\">Show more<\/a>\n\t\t\t\t\t\t\t<\/div>\n\t\t\t\t\t\t\t\t\t\t\t<\/div>\n\t\t\t\t<\/div>\n\t\t\t\t\n<p>[\/vc_column]<\/p>\n<p>[\/vc_row]<\/p>\n<\/div>","protected":false},"excerpt":{"rendered":"<p>[vc_row el_class=&#8221;blog-newside blog-2-column&#8221; css=&#8221;.vc_custom_1553131765962{padding-top: 20px !important;}&#8221;] [vc_column] [\/vc_column] [\/vc_row]<\/p>\n","protected":false},"author":1,"featured_media":0,"parent":0,"menu_order":0,"comment_status":"closed","ping_status":"closed","template":"","meta":{"footnotes":""},"_links":{"self":[{"href":"https:\/\/tasty-natural.com\/ca\/wp-json\/wp\/v2\/pages\/7729"}],"collection":[{"href":"https:\/\/tasty-natural.com\/ca\/wp-json\/wp\/v2\/pages"}],"about":[{"href":"https:\/\/tasty-natural.com\/ca\/wp-json\/wp\/v2\/types\/page"}],"author":[{"embeddable":true,"href":"https:\/\/tasty-natural.com\/ca\/wp-json\/wp\/v2\/users\/1"}],"replies":[{"embeddable":true,"href":"https:\/\/tasty-natural.com\/ca\/wp-json\/wp\/v2\/comments?post=7729"}],"version-history":[{"count":2,"href":"https:\/\/tasty-natural.com\/ca\/wp-json\/wp\/v2\/pages\/7729\/revisions"}],"predecessor-version":[{"id":7731,"href":"https:\/\/tasty-natural.com\/ca\/wp-json\/wp\/v2\/pages\/7729\/revisions\/7731"}],"wp:attachment":[{"href":"https:\/\/tasty-natural.com\/ca\/wp-json\/wp\/v2\/media?parent=7729"}],"curies":[{"name":"wp","href":"https:\/\/api.w.org\/{rel}","templated":true}]}}