{"id":7013,"date":"2020-04-18T17:10:51","date_gmt":"2020-04-18T15:10:51","guid":{"rendered":"https:\/\/tasty-natural.com\/producto\/croquetones-de-jamon\/"},"modified":"2021-03-11T17:54:25","modified_gmt":"2021-03-11T16:54:25","slug":"croquetons-de-pernil","status":"publish","type":"product","link":"https:\/\/tasty-natural.com\/ca\/producte\/croquetons-de-pernil\/","title":{"rendered":"Croquetons de pernil ib\u00e8ric"},"content":{"rendered":"<div class=\"wpb-content-wrapper\"><h4><strong>Descripci\u00f3<\/strong><\/h4>\n<p>La nostra recepta tradicional de croquetes XL de pernil ib\u00e8ric \u00e9s irresistible, segur que repetir\u00e0s.<\/p>\n<h4><strong>Preparaci\u00f3<\/strong><\/h4>\n<p>Fregir directament congelades, amb abundant oli calent a 180 \u00baC. S&#8217;ha de tenir en compte que si es fregeixen moltes croquetes alhora o amb poca quantitat d\u2019oli, aquest es refreda i el resultat no ser\u00e0 l&#8217;\u00f2ptim. En fregides consecutives, s&#8217;ha d&#8217;esperar que es recuperi la temperatura de l&#8217;oli a 180\u00baC.<\/p>\n<h4><strong>Regeneraci\u00f3<\/strong><\/h4>\n<p>Fregidora<\/p>\n<h4><strong>Presentaci\u00f3<\/strong><\/h4>\n<p>Safata amb 6 unitats<\/p>\n<hr \/>\n<p><strong>EAN:<\/strong> 8436544691800 &#8211; <strong>C\u00f3digo:<\/strong> 23022[\/vc_column_text][\/vc_column][\/vc_row][vc_row][vc_column][vc_single_image image=&#8221;7652&#8243; img_size=&#8221;80&#215;80&#8243; add_caption=&#8221;yes&#8221; title=&#8221;SENSE GLUTEN&#8221;][\/vc_column][\/vc_row]<\/p>\n<\/div>","protected":false},"excerpt":{"rendered":"<p>Safata amb 6 unitats<\/p>\n","protected":false},"featured_media":6528,"template":"","meta":[],"product_cat":[184],"product_tag":[194],"_links":{"self":[{"href":"https:\/\/tasty-natural.com\/ca\/wp-json\/wp\/v2\/product\/7013"}],"collection":[{"href":"https:\/\/tasty-natural.com\/ca\/wp-json\/wp\/v2\/product"}],"about":[{"href":"https:\/\/tasty-natural.com\/ca\/wp-json\/wp\/v2\/types\/product"}],"wp:featuredmedia":[{"embeddable":true,"href":"https:\/\/tasty-natural.com\/ca\/wp-json\/wp\/v2\/media\/6528"}],"wp:attachment":[{"href":"https:\/\/tasty-natural.com\/ca\/wp-json\/wp\/v2\/media?parent=7013"}],"wp:term":[{"taxonomy":"product_cat","embeddable":true,"href":"https:\/\/tasty-natural.com\/ca\/wp-json\/wp\/v2\/product_cat?post=7013"},{"taxonomy":"product_tag","embeddable":true,"href":"https:\/\/tasty-natural.com\/ca\/wp-json\/wp\/v2\/product_tag?post=7013"}],"curies":[{"name":"wp","href":"https:\/\/api.w.org\/{rel}","templated":true}]}}