{"id":7456,"date":"2020-04-18T19:05:09","date_gmt":"2020-04-18T17:05:09","guid":{"rendered":"https:\/\/tasty-natural.com\/producto\/lasanya-de-verdures-bechamel-i-formatge\/"},"modified":"2021-03-12T16:47:29","modified_gmt":"2021-03-12T15:47:29","slug":"lasanya-de-verdures-bechamel-i-formatge","status":"publish","type":"product","link":"https:\/\/tasty-natural.com\/ca\/producte\/lasanya-de-verdures-bechamel-i-formatge\/","title":{"rendered":"Lasanya de verdures"},"content":{"rendered":"<h4><strong>Descripci\u00f3<\/strong><\/h4>\n<p>Exquisita lasanya de verdures, elaborada de manera artesanal amb ingredients naturals. Ideal per als m\u00e9s petits.<\/p>\n<h4><strong>Preparaci\u00f3<\/strong><\/h4>\n<p>MICROONES: Sense necessitat de descongelar pr\u00e8viament, perforar la part superior de l&#8217;env\u00e0s per diferents punts. Escalfar al microones a m\u00e0xima pot\u00e8ncia (800 W) durant 6-7 min.<br \/>\nFORN: Treure la safata de pl\u00e0stic i col\u00b7locar amb la mateixa safata d&#8217;alumini a mitja al\u00e7ada, a 200\u00baC durant uns 20 minuts, al forn preescalfat. Es pot acabar amb la funci\u00f3 de gratinat.<\/p>\n<h4><strong>Regeneraci\u00f3<\/strong><\/h4>\n<p>Microones \/ Forn<\/p>\n<h4><strong>Presentaci\u00f3<\/strong><\/h4>\n<p>Safata de 300 g<\/p>\n<hr \/>\n<p><strong>EAN:<\/strong> 8436544690865 &#8211; <strong>Codi:<\/strong> 16022T<\/p>\n","protected":false},"excerpt":{"rendered":"<p>Safata de 300 g<\/p>\n","protected":false},"featured_media":6609,"template":"","meta":[],"product_cat":[200],"product_tag":[204],"_links":{"self":[{"href":"https:\/\/tasty-natural.com\/ca\/wp-json\/wp\/v2\/product\/7456"}],"collection":[{"href":"https:\/\/tasty-natural.com\/ca\/wp-json\/wp\/v2\/product"}],"about":[{"href":"https:\/\/tasty-natural.com\/ca\/wp-json\/wp\/v2\/types\/product"}],"wp:featuredmedia":[{"embeddable":true,"href":"https:\/\/tasty-natural.com\/ca\/wp-json\/wp\/v2\/media\/6609"}],"wp:attachment":[{"href":"https:\/\/tasty-natural.com\/ca\/wp-json\/wp\/v2\/media?parent=7456"}],"wp:term":[{"taxonomy":"product_cat","embeddable":true,"href":"https:\/\/tasty-natural.com\/ca\/wp-json\/wp\/v2\/product_cat?post=7456"},{"taxonomy":"product_tag","embeddable":true,"href":"https:\/\/tasty-natural.com\/ca\/wp-json\/wp\/v2\/product_tag?post=7456"}],"curies":[{"name":"wp","href":"https:\/\/api.w.org\/{rel}","templated":true}]}}