{"id":7460,"date":"2020-04-19T11:43:33","date_gmt":"2020-04-19T09:43:33","guid":{"rendered":"https:\/\/tasty-natural.com\/producto\/alberginia-farcida-carn-beixamel-formatge\/"},"modified":"2022-05-20T10:37:22","modified_gmt":"2022-05-20T08:37:22","slug":"alberginia-farcida-carn","status":"publish","type":"product","link":"https:\/\/tasty-natural.com\/ca\/producte\/alberginia-farcida-carn\/","title":{"rendered":"Alberg\u00ednia farcida de carn"},"content":{"rendered":"<div class=\"wpb-content-wrapper\"><p>[vc_row][vc_column][vc_column_text]<\/p>\n<h4><strong>Descripci\u00f3<\/strong><\/h4>\n<p>Assegureu-vos de provar la nostra alberg\u00ednia farcida, un producte equilibrat i saludable ple d&#8217;una farsa elaborada de carn picada i una selecci\u00f3 de verdures<\/p>\n<h4><strong>Preparaci\u00f3<\/strong><\/h4>\n<p>MICROONDAS: no cal descongelaci\u00f3 pr\u00e8viament, perforar la part superior del recipient en diferents punts i escalfar directament al microones durant 6 o 7 minuts a 800W. FORN: retirar de la safata de pl\u00e0stic i dipositar en un recipient amb forn, a mitja al\u00e7ada a 200oC, durant uns 15 minuts. Es pot acabar amb la funci\u00f3 de gratinat<\/p>\n<h4><strong>Regeneraci\u00f3<\/strong><\/h4>\n<p>Microones \/ Forn<\/p>\n<h4><strong>safata<\/strong><\/h4>\n<p>Safata de 240 gr.<\/p>\n<hr \/>\n<p><strong>EAN:<\/strong> 8436544693026 &#8211; <strong>Codi:<\/strong> 18592T[\/vc_column_text][\/vc_column][\/vc_row]<\/p>\n<\/div>","protected":false},"excerpt":{"rendered":"<p>Safata de 240 g<\/p>\n","protected":false},"featured_media":6549,"template":"","meta":[],"product_cat":[199],"product_tag":[206],"_links":{"self":[{"href":"https:\/\/tasty-natural.com\/ca\/wp-json\/wp\/v2\/product\/7460"}],"collection":[{"href":"https:\/\/tasty-natural.com\/ca\/wp-json\/wp\/v2\/product"}],"about":[{"href":"https:\/\/tasty-natural.com\/ca\/wp-json\/wp\/v2\/types\/product"}],"wp:featuredmedia":[{"embeddable":true,"href":"https:\/\/tasty-natural.com\/ca\/wp-json\/wp\/v2\/media\/6549"}],"wp:attachment":[{"href":"https:\/\/tasty-natural.com\/ca\/wp-json\/wp\/v2\/media?parent=7460"}],"wp:term":[{"taxonomy":"product_cat","embeddable":true,"href":"https:\/\/tasty-natural.com\/ca\/wp-json\/wp\/v2\/product_cat?post=7460"},{"taxonomy":"product_tag","embeddable":true,"href":"https:\/\/tasty-natural.com\/ca\/wp-json\/wp\/v2\/product_tag?post=7460"}],"curies":[{"name":"wp","href":"https:\/\/api.w.org\/{rel}","templated":true}]}}