{"id":7466,"date":"2020-04-19T12:06:18","date_gmt":"2020-04-19T10:06:18","guid":{"rendered":"https:\/\/tasty-natural.com\/producto\/musaka\/"},"modified":"2021-03-12T17:00:08","modified_gmt":"2021-03-12T16:00:08","slug":"musaka","status":"publish","type":"product","link":"https:\/\/tasty-natural.com\/ca\/producte\/musaka\/","title":{"rendered":"Musaka"},"content":{"rendered":"<div class=\"wpb-content-wrapper\"><h4><strong>Descripci\u00f3<\/strong><\/h4>\n<p>La nostra saborosa Musaka, \u00e9s un t\u00edpic plat mediterrani fet amb alberg\u00ednia, carn picada i recobert amb una suau capa de beixamel.<\/p>\n<h4><strong>Preparaci\u00f3<\/strong><\/h4>\n<p>MICROONES: Sense necessitat de descongelar pr\u00e8viament, perforar la part superior del recipient per diferents punts i escalfar al microones durant 6 o 7 minuts a 800W.    FORN: Retirar la safata de pl\u00e0stic i dipositar en un recipient apte per al forn. Fornejar a mitja al\u00e7ada a 200\u00baC, durant uns 15 minuts, amb el forn preescalfat. Es pot acabar amb la funci\u00f3 de gratinat.<\/p>\n<h4><strong>Regeneracio<\/strong><\/h4>\n<p>Microones | Forn<\/p>\n<h4><strong>Presentaci\u00f3<\/strong><\/h4>\n<p>Safata de 300 g<\/p>\n<hr \/>\n<p><strong>EAN:<\/strong> 8436552234419 &#8211; <strong>Codi:<\/strong> 18602T[\/vc_column_text][\/vc_column][\/vc_row]<\/p>\n<p>[vc_row][vc_column][vc_single_image image=&#8221;7651&#8243; img_size=&#8221;80X80&#8243; title=&#8221;SENSE GLUTEN&#8221;][\/vc_column][\/vc_row][vc_row][vc_column][vc_column_text]ES-344-143[\/vc_column_text][\/vc_column][\/vc_row]<\/p>\n<\/div>","protected":false},"excerpt":{"rendered":"<p>Safata de 300 g<\/p>\n","protected":false},"featured_media":6594,"template":"","meta":[],"product_cat":[199],"product_tag":[206],"_links":{"self":[{"href":"https:\/\/tasty-natural.com\/ca\/wp-json\/wp\/v2\/product\/7466"}],"collection":[{"href":"https:\/\/tasty-natural.com\/ca\/wp-json\/wp\/v2\/product"}],"about":[{"href":"https:\/\/tasty-natural.com\/ca\/wp-json\/wp\/v2\/types\/product"}],"wp:featuredmedia":[{"embeddable":true,"href":"https:\/\/tasty-natural.com\/ca\/wp-json\/wp\/v2\/media\/6594"}],"wp:attachment":[{"href":"https:\/\/tasty-natural.com\/ca\/wp-json\/wp\/v2\/media?parent=7466"}],"wp:term":[{"taxonomy":"product_cat","embeddable":true,"href":"https:\/\/tasty-natural.com\/ca\/wp-json\/wp\/v2\/product_cat?post=7466"},{"taxonomy":"product_tag","embeddable":true,"href":"https:\/\/tasty-natural.com\/ca\/wp-json\/wp\/v2\/product_tag?post=7466"}],"curies":[{"name":"wp","href":"https:\/\/api.w.org\/{rel}","templated":true}]}}