{"id":7467,"date":"2020-04-18T20:15:46","date_gmt":"2020-04-18T18:15:46","guid":{"rendered":"https:\/\/tasty-natural.com\/producto\/risotto-quatre-formatges\/"},"modified":"2022-05-20T10:31:18","modified_gmt":"2022-05-20T08:31:18","slug":"risotto-quatre-formatges","status":"publish","type":"product","link":"https:\/\/tasty-natural.com\/ca\/producte\/risotto-quatre-formatges\/","title":{"rendered":"Risotto quatre formatges"},"content":{"rendered":"<h4><strong>Descripci\u00f3<\/strong><\/h4>\n<p>Crem\u00f3s risotto quatre formatges. Una recepta tradicional italiana que et sorprendr\u00e0.<\/p>\n<h4><strong>Preparaci\u00f3<\/strong><\/h4>\n<p>Sense necessitat de descongelar pr\u00e8viament, perforar la part superior de l&#8217;env\u00e0s per diferents punts. Posar al microones a m\u00e0xima pot\u00e8ncia (800 W) durant uns 6 min fins que la base de l&#8217;env\u00e0s es noti calenta al tacte. Deixar reposar un parell de minuts. Remenar el producte abans de servir. Se li pot afegir una mica de parmes\u00e0 o crema de llet per a agumentar la seva cremositat.<\/p>\n<h4><strong>Regeneraci\u00f3<\/strong><\/h4>\n<p>Microones<\/p>\n<h4><strong>Presentaci\u00f3<\/strong><\/h4>\n<p>Safata de 300 g<\/p>\n<hr \/>\n<p><strong>EAN:<\/strong> 8436544690551 &#8211; <strong>Codi:<\/strong> 1309T<\/p>\n<p>&nbsp;<\/p>\n","protected":false},"excerpt":{"rendered":"<p>Safata de 300 g<\/p>\n","protected":false},"featured_media":6572,"template":"","meta":[],"product_cat":[199],"product_tag":[208],"_links":{"self":[{"href":"https:\/\/tasty-natural.com\/ca\/wp-json\/wp\/v2\/product\/7467"}],"collection":[{"href":"https:\/\/tasty-natural.com\/ca\/wp-json\/wp\/v2\/product"}],"about":[{"href":"https:\/\/tasty-natural.com\/ca\/wp-json\/wp\/v2\/types\/product"}],"wp:featuredmedia":[{"embeddable":true,"href":"https:\/\/tasty-natural.com\/ca\/wp-json\/wp\/v2\/media\/6572"}],"wp:attachment":[{"href":"https:\/\/tasty-natural.com\/ca\/wp-json\/wp\/v2\/media?parent=7467"}],"wp:term":[{"taxonomy":"product_cat","embeddable":true,"href":"https:\/\/tasty-natural.com\/ca\/wp-json\/wp\/v2\/product_cat?post=7467"},{"taxonomy":"product_tag","embeddable":true,"href":"https:\/\/tasty-natural.com\/ca\/wp-json\/wp\/v2\/product_tag?post=7467"}],"curies":[{"name":"wp","href":"https:\/\/api.w.org\/{rel}","templated":true}]}}