{"id":7469,"date":"2020-04-19T11:36:32","date_gmt":"2020-04-19T09:36:32","guid":{"rendered":"https:\/\/tasty-natural.com\/producto\/risotto-funghi\/"},"modified":"2022-05-20T10:35:41","modified_gmt":"2022-05-20T08:35:41","slug":"risotto-funghi","status":"publish","type":"product","link":"https:\/\/tasty-natural.com\/ca\/producte\/risotto-funghi\/","title":{"rendered":"Risotto funghi"},"content":{"rendered":"<p><strong>Descripci\u00f3<\/strong><\/p>\n<p>L&#8217;aut\u00e8ntic risotto funghi llest perqu\u00e8 el puguis servir en uns minuts. Prova-ho estem segurs que t&#8217;encantar\u00e0.<\/p>\n<p><strong>Preparaci\u00f3<\/strong><\/p>\n<p>Sense necessitat de descongelar pr\u00e8viament, perforeu la part superior de l&#8217;env\u00e0s per diferents punts. Posar a microones a m\u00e0xima pot\u00e8ncia (800 W) durant 6-7 min. fins que la base estigui ben calenta. Deixeu-ho reposar un parell de minuts. Remenar el producte abans de servir. Se li pot afegir una mica de parmes\u00e0 o nata l\u00edquida per augmentar-ne la cremositat.<\/p>\n<p><strong>Regeneraci\u00f3<\/strong><\/p>\n<p>Microones<\/p>\n<p><strong>Safata<\/strong><\/p>\n<p>Safata de 300 gr.<\/p>\n","protected":false},"excerpt":{"rendered":"<p>Safata de 300 g<\/p>\n","protected":false},"featured_media":6558,"template":"","meta":[],"product_cat":[199],"product_tag":[208],"_links":{"self":[{"href":"https:\/\/tasty-natural.com\/ca\/wp-json\/wp\/v2\/product\/7469"}],"collection":[{"href":"https:\/\/tasty-natural.com\/ca\/wp-json\/wp\/v2\/product"}],"about":[{"href":"https:\/\/tasty-natural.com\/ca\/wp-json\/wp\/v2\/types\/product"}],"wp:featuredmedia":[{"embeddable":true,"href":"https:\/\/tasty-natural.com\/ca\/wp-json\/wp\/v2\/media\/6558"}],"wp:attachment":[{"href":"https:\/\/tasty-natural.com\/ca\/wp-json\/wp\/v2\/media?parent=7469"}],"wp:term":[{"taxonomy":"product_cat","embeddable":true,"href":"https:\/\/tasty-natural.com\/ca\/wp-json\/wp\/v2\/product_cat?post=7469"},{"taxonomy":"product_tag","embeddable":true,"href":"https:\/\/tasty-natural.com\/ca\/wp-json\/wp\/v2\/product_tag?post=7469"}],"curies":[{"name":"wp","href":"https:\/\/api.w.org\/{rel}","templated":true}]}}