{"id":7470,"date":"2020-04-19T11:44:01","date_gmt":"2020-04-19T09:44:01","guid":{"rendered":"https:\/\/tasty-natural.com\/producto\/trinxat-de-la-cerdanya-beicon\/"},"modified":"2022-05-20T10:38:43","modified_gmt":"2022-05-20T08:38:43","slug":"trinxat-de-la-cerdanya-beicon","status":"publish","type":"product","link":"https:\/\/tasty-natural.com\/ca\/producte\/trinxat-de-la-cerdanya-beicon\/","title":{"rendered":"Trinxat"},"content":{"rendered":"<h4><strong>Descripci\u00f3<\/strong><\/h4>\n<p>T&#8217;oferim un plat t\u00edpic dels Pirineus catalans, elaborat de manera artesanal i amb el seu sabor aut\u00e8ntic.<\/p>\n<h4><strong>Preparaci\u00f3<\/strong><\/h4>\n<p>Sense necessitat de descongelar pr\u00e8viament, perforar la part superior del recipient per diferents punts i escalfar al microones durant 5 o 6 minuts a 800W. La regeneraci\u00f3 en una paella tamb\u00e9 \u00e9s possible.<\/p>\n<h4><strong>Regeneraci\u00f3<\/strong><\/h4>\n<p>Microones<\/p>\n<h4><strong>Presentaci\u00f3<\/strong><\/h4>\n<p>Safata de 350 g<\/p>\n<hr \/>\n<p><strong>EAN:<\/strong> 8436544695600 &#8211; <strong>Codi:<\/strong> 18552T<\/p>\n<p>&nbsp;<\/p>\n","protected":false},"excerpt":{"rendered":"<p>Safata de 350 g<\/p>\n","protected":false},"featured_media":6555,"template":"","meta":[],"product_cat":[199],"product_tag":[206],"_links":{"self":[{"href":"https:\/\/tasty-natural.com\/ca\/wp-json\/wp\/v2\/product\/7470"}],"collection":[{"href":"https:\/\/tasty-natural.com\/ca\/wp-json\/wp\/v2\/product"}],"about":[{"href":"https:\/\/tasty-natural.com\/ca\/wp-json\/wp\/v2\/types\/product"}],"wp:featuredmedia":[{"embeddable":true,"href":"https:\/\/tasty-natural.com\/ca\/wp-json\/wp\/v2\/media\/6555"}],"wp:attachment":[{"href":"https:\/\/tasty-natural.com\/ca\/wp-json\/wp\/v2\/media?parent=7470"}],"wp:term":[{"taxonomy":"product_cat","embeddable":true,"href":"https:\/\/tasty-natural.com\/ca\/wp-json\/wp\/v2\/product_cat?post=7470"},{"taxonomy":"product_tag","embeddable":true,"href":"https:\/\/tasty-natural.com\/ca\/wp-json\/wp\/v2\/product_tag?post=7470"}],"curies":[{"name":"wp","href":"https:\/\/api.w.org\/{rel}","templated":true}]}}