{"id":7474,"date":"2020-04-19T12:54:58","date_gmt":"2020-04-19T10:54:58","guid":{"rendered":"https:\/\/tasty-natural.com\/producto\/bacalla-tomaquet\/"},"modified":"2022-05-20T10:53:26","modified_gmt":"2022-05-20T08:53:26","slug":"bacalla-tomaquet","status":"publish","type":"product","link":"https:\/\/tasty-natural.com\/ca\/producte\/bacalla-tomaquet\/","title":{"rendered":"Bacall\u00e0 amb tom\u00e0quet"},"content":{"rendered":"<h4><strong>Descripci\u00f3<\/strong><\/h4>\n<p>Una recepta que no ha de faltar a la teva taula. Bacall\u00e0 amb tom\u00e0quet a l&#8217;estil tradicional, un plat sa i equilibrat.<\/p>\n<h4><strong>Preparaci\u00f3<\/strong><\/h4>\n<p>Sense necessitat de descongelar pr\u00e8viament, perforar la part superior del recipient per diferents punts i escalfar al microones durant 6 o 7 minuts a 800W, o fins que la base de l&#8217;env\u00e0s es noti calenta al tacte. Remenar la salsa abans de servir.<\/p>\n<h4><strong>Regeneraci\u00f3<\/strong><\/h4>\n<p>Microones<\/p>\n<h4><strong>Presentaci\u00f3<\/strong><\/h4>\n<p>Safata de 250 g<\/p>\n<hr \/>\n<p><strong>EAN:<\/strong> 8436544692548 &#8211; <strong>Codi:<\/strong> 29022T<\/p>\n<p>&nbsp;<\/p>\n","protected":false},"excerpt":{"rendered":"<p>Safata de 250 g<\/p>\n","protected":false},"featured_media":6603,"template":"","meta":[],"product_cat":[198],"product_tag":[211,210],"_links":{"self":[{"href":"https:\/\/tasty-natural.com\/ca\/wp-json\/wp\/v2\/product\/7474"}],"collection":[{"href":"https:\/\/tasty-natural.com\/ca\/wp-json\/wp\/v2\/product"}],"about":[{"href":"https:\/\/tasty-natural.com\/ca\/wp-json\/wp\/v2\/types\/product"}],"wp:featuredmedia":[{"embeddable":true,"href":"https:\/\/tasty-natural.com\/ca\/wp-json\/wp\/v2\/media\/6603"}],"wp:attachment":[{"href":"https:\/\/tasty-natural.com\/ca\/wp-json\/wp\/v2\/media?parent=7474"}],"wp:term":[{"taxonomy":"product_cat","embeddable":true,"href":"https:\/\/tasty-natural.com\/ca\/wp-json\/wp\/v2\/product_cat?post=7474"},{"taxonomy":"product_tag","embeddable":true,"href":"https:\/\/tasty-natural.com\/ca\/wp-json\/wp\/v2\/product_tag?post=7474"}],"curies":[{"name":"wp","href":"https:\/\/api.w.org\/{rel}","templated":true}]}}