{"id":7477,"date":"2020-04-19T12:35:53","date_gmt":"2020-04-19T10:35:53","guid":{"rendered":"https:\/\/tasty-natural.com\/producto\/galta-vedella-estofada\/"},"modified":"2022-05-20T10:45:30","modified_gmt":"2022-05-20T08:45:30","slug":"galta-vedella-estofada","status":"publish","type":"product","link":"https:\/\/tasty-natural.com\/ca\/producte\/galta-vedella-estofada\/","title":{"rendered":"Galta de vedella estofada"},"content":{"rendered":"<h4><strong>Descripci\u00f3<\/strong><\/h4>\n<p>Galta de Vedella cuinada a baixa temperatura. Una recepta especial, perfecta per compartir amb els teus.<\/p>\n<h4><strong>Preparaci\u00f3<\/strong><\/h4>\n<p>Sense necessitat de descongelaci\u00f3. MICROONES: Disposar la bossa sobre un plat, perforar-la, i escalfar a m\u00e0xima pot\u00e8ncia (800 W) durant 6 min. BANY MARIA: Submergir la bossa, sense perforar ni obrir, en aigua calenta a 90\u00baC de 15 a 20 min. CASS\u00d3: Buidar el contingut en un cass\u00f3 o paella, afegir-hi una cullerada sopera d&#8217;aigua i escalfar tapat a foc lent.<\/p>\n<h4><strong>Regeneraci\u00f3<\/strong><\/h4>\n<p>Microones | Bany Maria<\/p>\n<h4><strong>Presentaci\u00f3<\/strong><\/h4>\n<p>Safata de 300 g<\/p>\n<hr \/>\n<p><strong>EAN:<\/strong> 8436552235027 &#8211; <strong>Codi:<\/strong> 2719T<\/p>\n<p>&nbsp;<\/p>\n","protected":false},"excerpt":{"rendered":"<p>Safata de 300 g<\/p>\n","protected":false},"featured_media":6600,"template":"","meta":[],"product_cat":[198],"product_tag":[213],"_links":{"self":[{"href":"https:\/\/tasty-natural.com\/ca\/wp-json\/wp\/v2\/product\/7477"}],"collection":[{"href":"https:\/\/tasty-natural.com\/ca\/wp-json\/wp\/v2\/product"}],"about":[{"href":"https:\/\/tasty-natural.com\/ca\/wp-json\/wp\/v2\/types\/product"}],"wp:featuredmedia":[{"embeddable":true,"href":"https:\/\/tasty-natural.com\/ca\/wp-json\/wp\/v2\/media\/6600"}],"wp:attachment":[{"href":"https:\/\/tasty-natural.com\/ca\/wp-json\/wp\/v2\/media?parent=7477"}],"wp:term":[{"taxonomy":"product_cat","embeddable":true,"href":"https:\/\/tasty-natural.com\/ca\/wp-json\/wp\/v2\/product_cat?post=7477"},{"taxonomy":"product_tag","embeddable":true,"href":"https:\/\/tasty-natural.com\/ca\/wp-json\/wp\/v2\/product_tag?post=7477"}],"curies":[{"name":"wp","href":"https:\/\/api.w.org\/{rel}","templated":true}]}}