{"id":7482,"date":"2020-04-18T17:45:40","date_gmt":"2020-04-18T15:45:40","guid":{"rendered":"https:\/\/tasty-natural.com\/producto\/llagrimes-pollastre\/"},"modified":"2021-03-15T08:35:03","modified_gmt":"2021-03-15T07:35:03","slug":"lagrimitas-de-pollo","status":"publish","type":"product","link":"https:\/\/tasty-natural.com\/ca\/producte\/lagrimitas-de-pollo\/","title":{"rendered":"Ll\u00e0grimes de pollastre"},"content":{"rendered":"<div class=\"wpb-content-wrapper\"><h4><strong>Descripci\u00f3<\/strong><\/h4>\n<p>Llagrimetes de pollastre fetes amb pit de pollastre de primera qualitat empanat amb un pa cruixent sense gluten. Una forma divertida i original de menjar pollastre, que encantar\u00e0 a tota la fam\u00edlia, especialment als m\u00e9s petits.<\/p>\n<h4><strong>Preparaci\u00f3<\/strong><\/h4>\n<p>Sense necessitat de descongelar pr\u00e8viament, fregir en oli abundant i calent (180\u00baC) fins que estiguin daurats o fins a \u00a0garantir 70\u00baC al centre del producte.\n<\/p>\n<h4><strong>Regeneraci\u00f3<\/strong><\/h4>\n<p>Fregidora<\/p>\n<h4><strong>Presentaci\u00f3<\/strong><\/h4>\n<p>Safata de 500 g<\/p>\n<hr \/>\n<p><strong>Ean:<\/strong> 8436552234846 &#8211; <strong>C\u00f3digo:<\/strong> 2660T<\/p>\n<p>[vc_row][vc_column][vc_single_image image=&#8221;7629&#8243; img_size=&#8221;80&#215;80&#8243; add_caption=&#8221;yes&#8221; title=&#8221;SENSE GLUTEN&#8221;][\/vc_column][\/vc_row]<\/p>\n<\/div>","protected":false},"excerpt":{"rendered":"<p>Safata de 500 g<\/p>\n","protected":false},"featured_media":6476,"template":"","meta":[],"product_cat":[198],"product_tag":[214],"_links":{"self":[{"href":"https:\/\/tasty-natural.com\/ca\/wp-json\/wp\/v2\/product\/7482"}],"collection":[{"href":"https:\/\/tasty-natural.com\/ca\/wp-json\/wp\/v2\/product"}],"about":[{"href":"https:\/\/tasty-natural.com\/ca\/wp-json\/wp\/v2\/types\/product"}],"wp:featuredmedia":[{"embeddable":true,"href":"https:\/\/tasty-natural.com\/ca\/wp-json\/wp\/v2\/media\/6476"}],"wp:attachment":[{"href":"https:\/\/tasty-natural.com\/ca\/wp-json\/wp\/v2\/media?parent=7482"}],"wp:term":[{"taxonomy":"product_cat","embeddable":true,"href":"https:\/\/tasty-natural.com\/ca\/wp-json\/wp\/v2\/product_cat?post=7482"},{"taxonomy":"product_tag","embeddable":true,"href":"https:\/\/tasty-natural.com\/ca\/wp-json\/wp\/v2\/product_tag?post=7482"}],"curies":[{"name":"wp","href":"https:\/\/api.w.org\/{rel}","templated":true}]}}