{"id":7484,"date":"2020-04-19T12:48:28","date_gmt":"2020-04-19T10:48:28","guid":{"rendered":"https:\/\/tasty-natural.com\/producto\/pollastre-amb-salsa-thai\/"},"modified":"2022-05-20T10:51:47","modified_gmt":"2022-05-20T08:51:47","slug":"pollastre-amb-salsa-thai","status":"publish","type":"product","link":"https:\/\/tasty-natural.com\/ca\/producte\/pollastre-amb-salsa-thai\/","title":{"rendered":"Pollastre amb salsa thai"},"content":{"rendered":"<h4><strong>Descripi\u00f3<\/strong><\/h4>\n<p>Assegura&#8217;t de provar la nostra recepta de pollastre al curri, et sorprendr\u00e0. Un plat molt vers\u00e0til per acompanyar amb arr\u00f2s, pasta o quinoa. Llest en pocs minuts.<\/p>\n<h4><strong>Preparaci\u00f3<\/strong><\/h4>\n<p>Sense necessitat de descongelar pr\u00e8viament, perforar la part superior del recipient per diferents punts i escalfar al microones durant 6 o 7 minuts a 800W, o fins que la base de l&#8217;env\u00e0s es noti calenta al tacte. Remenar la salsa abans de servir.<\/p>\n<h4><strong>Regeneraci\u00f3<\/strong><\/h4>\n<p>Microones<\/p>\n<h4><strong>Presentaci\u00f3<\/strong><\/h4>\n<p>Safata de 300 g<\/p>\n<hr \/>\n<p><strong>EAN:<\/strong> 8436544696171 &#8211; <strong>Code:<\/strong> 26602T<\/p>\n<p>&nbsp;<\/p>\n","protected":false},"excerpt":{"rendered":"<p>Safata de 300 g<\/p>\n","protected":false},"featured_media":6561,"template":"","meta":[],"product_cat":[198],"product_tag":[215],"_links":{"self":[{"href":"https:\/\/tasty-natural.com\/ca\/wp-json\/wp\/v2\/product\/7484"}],"collection":[{"href":"https:\/\/tasty-natural.com\/ca\/wp-json\/wp\/v2\/product"}],"about":[{"href":"https:\/\/tasty-natural.com\/ca\/wp-json\/wp\/v2\/types\/product"}],"wp:featuredmedia":[{"embeddable":true,"href":"https:\/\/tasty-natural.com\/ca\/wp-json\/wp\/v2\/media\/6561"}],"wp:attachment":[{"href":"https:\/\/tasty-natural.com\/ca\/wp-json\/wp\/v2\/media?parent=7484"}],"wp:term":[{"taxonomy":"product_cat","embeddable":true,"href":"https:\/\/tasty-natural.com\/ca\/wp-json\/wp\/v2\/product_cat?post=7484"},{"taxonomy":"product_tag","embeddable":true,"href":"https:\/\/tasty-natural.com\/ca\/wp-json\/wp\/v2\/product_tag?post=7484"}],"curies":[{"name":"wp","href":"https:\/\/api.w.org\/{rel}","templated":true}]}}