{"id":7502,"date":"2020-05-06T10:56:38","date_gmt":"2020-05-06T08:56:38","guid":{"rendered":"https:\/\/tasty-natural.com\/producto\/carrillera-porc-bbq-cuscus-verduretes\/"},"modified":"2021-03-15T09:41:03","modified_gmt":"2021-03-15T08:41:03","slug":"carrillera-porc-bbq-cuscus-verduretes","status":"publish","type":"product","link":"https:\/\/tasty-natural.com\/ca\/producte\/carrillera-porc-bbq-cuscus-verduretes\/","title":{"rendered":"Men\u00fa 3: Galta de porc amb salsa BBQ, cusc\u00fas i verdures saltejades"},"content":{"rendered":"<h4><strong>Preparaci\u00f3<\/strong><\/h4>\n<p>Sense necessitat de descongelar pr\u00e8viament, perforar la part superior del recipient per diferents punts i escalfar al microones durant uns 7 minuts a 800W, o fins que la base de l&#8217;env\u00e0s es noti calenta al tacte.<\/p>\n<h4><strong>Regeneraci\u00f3<\/strong><\/h4>\n<p>Microones<\/p>\n<h4><strong>Presentaci\u00f3<\/strong><\/h4>\n<p>Safata de 400 g<\/p>\n<hr \/>\n<p><strong>EAN:<\/strong> 8436552235355 <strong>Codi:<\/strong> 5002<\/p>\n","protected":false},"excerpt":{"rendered":"<p>Safata de 400 g<\/p>\n","protected":false},"featured_media":7984,"template":"","meta":[],"product_cat":[218,219],"product_tag":[],"_links":{"self":[{"href":"https:\/\/tasty-natural.com\/ca\/wp-json\/wp\/v2\/product\/7502"}],"collection":[{"href":"https:\/\/tasty-natural.com\/ca\/wp-json\/wp\/v2\/product"}],"about":[{"href":"https:\/\/tasty-natural.com\/ca\/wp-json\/wp\/v2\/types\/product"}],"wp:featuredmedia":[{"embeddable":true,"href":"https:\/\/tasty-natural.com\/ca\/wp-json\/wp\/v2\/media\/7984"}],"wp:attachment":[{"href":"https:\/\/tasty-natural.com\/ca\/wp-json\/wp\/v2\/media?parent=7502"}],"wp:term":[{"taxonomy":"product_cat","embeddable":true,"href":"https:\/\/tasty-natural.com\/ca\/wp-json\/wp\/v2\/product_cat?post=7502"},{"taxonomy":"product_tag","embeddable":true,"href":"https:\/\/tasty-natural.com\/ca\/wp-json\/wp\/v2\/product_tag?post=7502"}],"curies":[{"name":"wp","href":"https:\/\/api.w.org\/{rel}","templated":true}]}}