{"id":7518,"date":"2020-05-06T11:06:24","date_gmt":"2020-05-06T09:06:24","guid":{"rendered":"https:\/\/tasty-natural.com\/producto\/vedella-guisada-pesols-llacets\/"},"modified":"2021-03-15T09:42:04","modified_gmt":"2021-03-15T08:42:04","slug":"vedella-guisada-pesols-llacets","status":"publish","type":"product","link":"https:\/\/tasty-natural.com\/ca\/producte\/vedella-guisada-pesols-llacets\/","title":{"rendered":"Men\u00fa 4: Vedella guisada amb p\u00e8sols i llacets"},"content":{"rendered":"<h4><strong>Preparaci\u00f3<\/strong><\/h4>\n<p>Sense necessitat de descongelar pr\u00e8viament, perforar la part superior del recipient per diferents punts i escalfar al microones durant uns 7 minuts a 800W, o fins que la base de l&#8217;env\u00e0s es noti calenta al tacte.<\/p>\n<h4><strong>Regeneraci\u00f3<\/strong><\/h4>\n<p>Microones<\/p>\n<h4><strong>Presentaci\u00f3<\/strong><\/h4>\n<p>Safata de 400 g<\/p>\n<hr \/>\n<p><strong>EAN:<\/strong>  8436552235362  <strong>Codi:<\/strong> 5003<\/p>\n","protected":false},"excerpt":{"rendered":"<p>Safata de 400 g<\/p>\n","protected":false},"featured_media":6653,"template":"","meta":[],"product_cat":[218,219],"product_tag":[],"_links":{"self":[{"href":"https:\/\/tasty-natural.com\/ca\/wp-json\/wp\/v2\/product\/7518"}],"collection":[{"href":"https:\/\/tasty-natural.com\/ca\/wp-json\/wp\/v2\/product"}],"about":[{"href":"https:\/\/tasty-natural.com\/ca\/wp-json\/wp\/v2\/types\/product"}],"wp:featuredmedia":[{"embeddable":true,"href":"https:\/\/tasty-natural.com\/ca\/wp-json\/wp\/v2\/media\/6653"}],"wp:attachment":[{"href":"https:\/\/tasty-natural.com\/ca\/wp-json\/wp\/v2\/media?parent=7518"}],"wp:term":[{"taxonomy":"product_cat","embeddable":true,"href":"https:\/\/tasty-natural.com\/ca\/wp-json\/wp\/v2\/product_cat?post=7518"},{"taxonomy":"product_tag","embeddable":true,"href":"https:\/\/tasty-natural.com\/ca\/wp-json\/wp\/v2\/product_tag?post=7518"}],"curies":[{"name":"wp","href":"https:\/\/api.w.org\/{rel}","templated":true}]}}