{"id":7523,"date":"2020-05-06T11:29:22","date_gmt":"2020-05-06T09:29:22","guid":{"rendered":"https:\/\/tasty-natural.com\/producto\/amanida-llenties-verdures-arros-quinoa\/"},"modified":"2021-03-15T12:51:31","modified_gmt":"2021-03-15T11:51:31","slug":"amanida-llenties-verdures-arros-quinoa","status":"publish","type":"product","link":"https:\/\/tasty-natural.com\/ca\/producte\/amanida-llenties-verdures-arros-quinoa\/","title":{"rendered":"Men\u00fa 7: Llenties amb verdures, arr\u00f2s i quinoa"},"content":{"rendered":"<h4><strong>Preparaci\u00f3<\/strong><\/h4>\n<p>Sense necessitat de descongelar pr\u00e8viament, perforar la part superior del recipient per diferents punts i escalfar al microones durant uns 7 minuts a 800W, o fins que la base de l&#8217;env\u00e0s es noti calenta al tacte.<\/p>\n<h4><strong>Regeneraci\u00f3<\/strong><\/h4>\n<p>Microones<\/p>\n<h4><strong>Presentaci\u00f3<\/strong><\/h4>\n<p>Safata de 400 g<\/p>\n<hr \/>\n<p><strong>EAN:<\/strong>436552235317<strong>Codi:<\/strong> 5006<\/p>\n","protected":false},"excerpt":{"rendered":"<p>Safata de 400 g<\/p>\n","protected":false},"featured_media":7969,"template":"","meta":[],"product_cat":[218,219,220],"product_tag":[],"_links":{"self":[{"href":"https:\/\/tasty-natural.com\/ca\/wp-json\/wp\/v2\/product\/7523"}],"collection":[{"href":"https:\/\/tasty-natural.com\/ca\/wp-json\/wp\/v2\/product"}],"about":[{"href":"https:\/\/tasty-natural.com\/ca\/wp-json\/wp\/v2\/types\/product"}],"wp:featuredmedia":[{"embeddable":true,"href":"https:\/\/tasty-natural.com\/ca\/wp-json\/wp\/v2\/media\/7969"}],"wp:attachment":[{"href":"https:\/\/tasty-natural.com\/ca\/wp-json\/wp\/v2\/media?parent=7523"}],"wp:term":[{"taxonomy":"product_cat","embeddable":true,"href":"https:\/\/tasty-natural.com\/ca\/wp-json\/wp\/v2\/product_cat?post=7523"},{"taxonomy":"product_tag","embeddable":true,"href":"https:\/\/tasty-natural.com\/ca\/wp-json\/wp\/v2\/product_tag?post=7523"}],"curies":[{"name":"wp","href":"https:\/\/api.w.org\/{rel}","templated":true}]}}