{"id":7553,"date":"2020-05-06T11:23:16","date_gmt":"2020-05-06T09:23:16","guid":{"rendered":"https:\/\/tasty-natural.com\/producto\/brocoli-coliflor-zanahoria-garbanzos-y-arroz\/"},"modified":"2021-03-15T12:52:29","modified_gmt":"2021-03-15T11:52:29","slug":"brocoli-coliflor-zanahoria-garbanzos-y-arroz","status":"publish","type":"product","link":"https:\/\/tasty-natural.com\/ca\/producte\/brocoli-coliflor-zanahoria-garbanzos-y-arroz\/","title":{"rendered":"Men\u00fa 6: Br\u00f2coli, coliflor, pastanaga, cigrons i arr\u00f2s"},"content":{"rendered":"<h4><strong>Preparaci\u00f3<\/strong><\/h4>\n<p>Sense necessitat de descongelar pr\u00e8viament, perforar la part superior del recipient per diferents punts i escalfar al microones durant uns 7 minuts a 800W, o fins que la base de l&#8217;env\u00e0s es noti calenta al tacte.<\/p>\n<h4><strong>Regeneraci\u00f3<\/strong><\/h4>\n<p>Microones<\/p>\n<h4><strong>Presentaci\u00f3<\/strong><\/h4>\n<p>Safata de 400 g<\/p>\n<hr \/>\n<p><strong>EAN:<\/strong> 8436552235300\u00a0 <strong>C\u00f3digo:<\/strong> 5005<\/p>\n","protected":false},"excerpt":{"rendered":"<p>Safata de 400 g<\/p>\n","protected":false},"featured_media":7975,"template":"","meta":[],"product_cat":[218,219,220],"product_tag":[],"_links":{"self":[{"href":"https:\/\/tasty-natural.com\/ca\/wp-json\/wp\/v2\/product\/7553"}],"collection":[{"href":"https:\/\/tasty-natural.com\/ca\/wp-json\/wp\/v2\/product"}],"about":[{"href":"https:\/\/tasty-natural.com\/ca\/wp-json\/wp\/v2\/types\/product"}],"wp:featuredmedia":[{"embeddable":true,"href":"https:\/\/tasty-natural.com\/ca\/wp-json\/wp\/v2\/media\/7975"}],"wp:attachment":[{"href":"https:\/\/tasty-natural.com\/ca\/wp-json\/wp\/v2\/media?parent=7553"}],"wp:term":[{"taxonomy":"product_cat","embeddable":true,"href":"https:\/\/tasty-natural.com\/ca\/wp-json\/wp\/v2\/product_cat?post=7553"},{"taxonomy":"product_tag","embeddable":true,"href":"https:\/\/tasty-natural.com\/ca\/wp-json\/wp\/v2\/product_tag?post=7553"}],"curies":[{"name":"wp","href":"https:\/\/api.w.org\/{rel}","templated":true}]}}