{"id":7563,"date":"2020-05-06T13:11:06","date_gmt":"2020-05-06T11:11:06","guid":{"rendered":"https:\/\/tasty-natural.com\/producto\/pollastre-curri-arros-basmati\/"},"modified":"2022-05-20T11:16:47","modified_gmt":"2022-05-20T09:16:47","slug":"pollo-al-curry-con-arroz-salvaje-y-judias-verdes","status":"publish","type":"product","link":"https:\/\/tasty-natural.com\/ca\/producte\/pollo-al-curry-con-arroz-salvaje-y-judias-verdes\/","title":{"rendered":"Men\u00fa 11: Pollastre al curri amb arr\u00f2s basmati"},"content":{"rendered":"<h4><strong>Preparaci\u00f3<\/strong><\/h4>\n<p>Sense necessitat de descongelar pr\u00e8viament, perforar la part superior del recipient per diferents punts i escalfar al microones durant uns 7 minuts a 800W, o fins que la base de l&#8217;env\u00e0s es noti calenta al tacte.<\/p>\n<h4><strong>Regeneraci\u00f3<\/strong><\/h4>\n<p>Microones<\/p>\n<h4><strong>Presentaci\u00f3<\/strong><\/h4>\n<p>Safata de 400 g<\/p>\n<hr \/>\n<p><strong>EAN:<\/strong> 8436552235409 <strong>Codi:<\/strong> 5010<\/p>\n<p>&nbsp;<\/p>\n","protected":false},"excerpt":{"rendered":"<p>Safata de 400 g<\/p>\n","protected":false},"featured_media":7981,"template":"","meta":[],"product_cat":[218,219,221],"product_tag":[],"_links":{"self":[{"href":"https:\/\/tasty-natural.com\/ca\/wp-json\/wp\/v2\/product\/7563"}],"collection":[{"href":"https:\/\/tasty-natural.com\/ca\/wp-json\/wp\/v2\/product"}],"about":[{"href":"https:\/\/tasty-natural.com\/ca\/wp-json\/wp\/v2\/types\/product"}],"wp:featuredmedia":[{"embeddable":true,"href":"https:\/\/tasty-natural.com\/ca\/wp-json\/wp\/v2\/media\/7981"}],"wp:attachment":[{"href":"https:\/\/tasty-natural.com\/ca\/wp-json\/wp\/v2\/media?parent=7563"}],"wp:term":[{"taxonomy":"product_cat","embeddable":true,"href":"https:\/\/tasty-natural.com\/ca\/wp-json\/wp\/v2\/product_cat?post=7563"},{"taxonomy":"product_tag","embeddable":true,"href":"https:\/\/tasty-natural.com\/ca\/wp-json\/wp\/v2\/product_tag?post=7563"}],"curies":[{"name":"wp","href":"https:\/\/api.w.org\/{rel}","templated":true}]}}