{"id":7566,"date":"2020-05-06T13:18:46","date_gmt":"2020-05-06T11:18:46","guid":{"rendered":"https:\/\/tasty-natural.com\/producto\/lluc-salsa-verda-arros-integral-pesols\/"},"modified":"2022-05-20T11:07:29","modified_gmt":"2022-05-20T09:07:29","slug":"lluc-salsa-verda-arros-integral-pesols","status":"publish","type":"product","link":"https:\/\/tasty-natural.com\/ca\/producte\/lluc-salsa-verda-arros-integral-pesols\/","title":{"rendered":"Men\u00fa 13: Llu\u00e7 amb salsa verda, arr\u00f2s integral i p\u00e8sols"},"content":{"rendered":"<div class=\"wpb-content-wrapper\"><h4><strong>Preparaci\u00f3<\/strong><\/h4>\n<p>Sense necessitat de descongelar pr\u00e8viament, perforar la part superior del recipient per diferents punts i escalfar al microones durant uns 7 minuts a 800W, o fins que la base de l&#8217;env\u00e0s es noti calenta al tacte.<\/p>\n<h4><strong>Regeneraci\u00f3<\/strong><\/h4>\n<p>Microones<\/p>\n<h4><strong>Presentaci\u00f3<\/strong><\/h4>\n<p>Safata de 400 g<\/p>\n<hr \/>\n<p><strong>EAN:<\/strong>\u00a0 8436552235423\u00a0 <strong>C\u00f3digo:<\/strong> 5012[\/vc_column_text][\/vc_column][\/vc_row][vc_row]<\/p>\n<p>&nbsp;<\/p>\n<\/div>","protected":false},"excerpt":{"rendered":"<p>Safata de 400 g<\/p>\n","protected":false},"featured_media":6671,"template":"","meta":[],"product_cat":[218,219,221],"product_tag":[],"_links":{"self":[{"href":"https:\/\/tasty-natural.com\/ca\/wp-json\/wp\/v2\/product\/7566"}],"collection":[{"href":"https:\/\/tasty-natural.com\/ca\/wp-json\/wp\/v2\/product"}],"about":[{"href":"https:\/\/tasty-natural.com\/ca\/wp-json\/wp\/v2\/types\/product"}],"wp:featuredmedia":[{"embeddable":true,"href":"https:\/\/tasty-natural.com\/ca\/wp-json\/wp\/v2\/media\/6671"}],"wp:attachment":[{"href":"https:\/\/tasty-natural.com\/ca\/wp-json\/wp\/v2\/media?parent=7566"}],"wp:term":[{"taxonomy":"product_cat","embeddable":true,"href":"https:\/\/tasty-natural.com\/ca\/wp-json\/wp\/v2\/product_cat?post=7566"},{"taxonomy":"product_tag","embeddable":true,"href":"https:\/\/tasty-natural.com\/ca\/wp-json\/wp\/v2\/product_tag?post=7566"}],"curies":[{"name":"wp","href":"https:\/\/api.w.org\/{rel}","templated":true}]}}