{"id":7706,"date":"2020-11-20T10:13:50","date_gmt":"2020-11-20T09:13:50","guid":{"rendered":"https:\/\/tasty-natural.com\/producto\/caixa-menu-tradicio\/"},"modified":"2021-03-15T10:05:05","modified_gmt":"2021-03-15T09:05:05","slug":"caixa-menu-tradicio","status":"publish","type":"product","link":"https:\/\/tasty-natural.com\/ca\/producte\/caixa-menu-tradicio\/","title":{"rendered":"CAIXA MEN\u00da TRADICI\u00d3 (per a 4 persones)"},"content":{"rendered":"<div class=\"wpb-content-wrapper\"><p>[vc_row][vc_column][vc_column_text]<\/p>\n<h4><strong>Descripci\u00f3<\/strong><\/h4>\n<p>Canelons de rap y gambes amb beixamel<br \/>\nPollastre farcit amb prunes i panses<br \/>\nMousse de turr\u00f3 amb trossets de turr\u00f3 y cumble de cacao<\/p>\n<h4><strong>Preparaci\u00f3<\/strong><\/h4>\n<p><strong>Canelons de rap<\/strong><\/p>\n<p>Deixar descongelar durant 24 hores a la nevera, es pot utilitzar el mateix recipient per posar al forn i servir. Un cop descongelats, retirar la bossa i posar al forn a 200\u00baC durant 25\/30 minuts. Podem acabar amb la funci\u00f3 de gratinat.<\/p>\n<p><strong>Pollastre farcit:<\/strong><\/p>\n<p>Deixar descongelar durant 24 hores a la nevera, retirar la bossa i en la seva mateixa safata tapada amb paper d&#8217;alumini, l&#8217;escalfarem al forn a 200\u00baC durant 30 minuts aproximadament.<\/p>\n<p><strong>Mousse de turr\u00f3:<\/strong><\/p>\n<p>Deixar descongelar.<\/p>\n<h4><strong>Regeneraci\u00f3<\/strong><\/h4>\n<p>Horno, Descongelar.<\/p>\n<h4><strong>Cont\u00e9<\/strong><\/h4>\n<p>1 safata de 4 canelons XL de rap y gambes amb beixamel de 130 g<br \/>\n4 racions de de pollastre farcit amb prunes i panses<br \/>\n4 mousse de turr\u00f3 amb trossets de turr\u00f3 crumble de cacau<\/p>\n<p>[\/vc_column_text][\/vc_column][\/vc_row]<\/p>\n<\/div>","protected":false},"excerpt":{"rendered":"<p>Caixa Men\u00fa TRADICI\u00d3 per a 4 persones. Un men\u00fa tradicional especial per a compartir.<\/p>\n","protected":false},"featured_media":7699,"template":"","meta":[],"product_cat":[227],"product_tag":[],"_links":{"self":[{"href":"https:\/\/tasty-natural.com\/ca\/wp-json\/wp\/v2\/product\/7706"}],"collection":[{"href":"https:\/\/tasty-natural.com\/ca\/wp-json\/wp\/v2\/product"}],"about":[{"href":"https:\/\/tasty-natural.com\/ca\/wp-json\/wp\/v2\/types\/product"}],"wp:featuredmedia":[{"embeddable":true,"href":"https:\/\/tasty-natural.com\/ca\/wp-json\/wp\/v2\/media\/7699"}],"wp:attachment":[{"href":"https:\/\/tasty-natural.com\/ca\/wp-json\/wp\/v2\/media?parent=7706"}],"wp:term":[{"taxonomy":"product_cat","embeddable":true,"href":"https:\/\/tasty-natural.com\/ca\/wp-json\/wp\/v2\/product_cat?post=7706"},{"taxonomy":"product_tag","embeddable":true,"href":"https:\/\/tasty-natural.com\/ca\/wp-json\/wp\/v2\/product_tag?post=7706"}],"curies":[{"name":"wp","href":"https:\/\/api.w.org\/{rel}","templated":true}]}}