{"id":7850,"date":"2020-11-25T17:45:30","date_gmt":"2020-11-25T16:45:30","guid":{"rendered":"https:\/\/tasty-natural.com\/producto\/pasta-full-capo\/"},"modified":"2021-03-15T10:31:43","modified_gmt":"2021-03-15T09:31:43","slug":"pasta-full-capo","status":"publish","type":"product","link":"https:\/\/tasty-natural.com\/ca\/producte\/pasta-full-capo\/","title":{"rendered":"Pasta de full de cap\u00f3"},"content":{"rendered":"<h4><strong>Descripci\u00f3<\/strong><\/h4>\n<p>Cap\u00f3 desossat estofat amb verdures a foc lent, embolcallat amb una fina capa de pasta fullada, que feta al forn quedar\u00e0 airejada i cruixent. <\/p>\n<h4><strong>Preparaci\u00f3<\/strong><\/h4>\n<p>Untar una safata apta per al forn amb oli o mantega i posar la pasta de full a sobre. Coure al forn (pr\u00e8viament preescalfat) 20 minuts a 200 \u00baC.<\/p>\n<h4><strong>Regeneraci\u00f3<\/strong><\/h4>\n<p>Forn<\/p>\n<h4><strong>Presentaci\u00f3<\/strong><\/h4>\n<p>1 raci\u00f3 de full envasada al buit<\/p>\n","protected":false},"excerpt":{"rendered":"<p>Pasta de full amb farcit de cap\u00f3 estofat amb verdures. Est\u00e0 bon\u00edssim.<\/p>\n","protected":false},"featured_media":7840,"template":"","meta":[],"product_cat":[229,223],"product_tag":[],"_links":{"self":[{"href":"https:\/\/tasty-natural.com\/ca\/wp-json\/wp\/v2\/product\/7850"}],"collection":[{"href":"https:\/\/tasty-natural.com\/ca\/wp-json\/wp\/v2\/product"}],"about":[{"href":"https:\/\/tasty-natural.com\/ca\/wp-json\/wp\/v2\/types\/product"}],"wp:featuredmedia":[{"embeddable":true,"href":"https:\/\/tasty-natural.com\/ca\/wp-json\/wp\/v2\/media\/7840"}],"wp:attachment":[{"href":"https:\/\/tasty-natural.com\/ca\/wp-json\/wp\/v2\/media?parent=7850"}],"wp:term":[{"taxonomy":"product_cat","embeddable":true,"href":"https:\/\/tasty-natural.com\/ca\/wp-json\/wp\/v2\/product_cat?post=7850"},{"taxonomy":"product_tag","embeddable":true,"href":"https:\/\/tasty-natural.com\/ca\/wp-json\/wp\/v2\/product_tag?post=7850"}],"curies":[{"name":"wp","href":"https:\/\/api.w.org\/{rel}","templated":true}]}}