{"id":7853,"date":"2020-11-26T12:06:02","date_gmt":"2020-11-26T11:06:02","guid":{"rendered":"https:\/\/tasty-natural.com\/producto\/pasta-full-bacalla-i-gambes\/"},"modified":"2021-03-15T10:33:50","modified_gmt":"2021-03-15T09:33:50","slug":"pasta-full-bacalla-i-gambes","status":"publish","type":"product","link":"https:\/\/tasty-natural.com\/ca\/producte\/pasta-full-bacalla-i-gambes\/","title":{"rendered":"Pasta de full de bacall\u00e0 i gambes"},"content":{"rendered":"<h4><strong>Descripci\u00f3<\/strong><\/h4>\n<p>Bacall\u00e0 cuinat a baixa temperatura amb gambes, embolcallat amb una fina capa de pasta fullada, que feta al forn quedar\u00e0 airejada i cruixent. \u00c9s un plat elaborat amb productes de la m\u00e0xima qualitat perqu\u00e8 puguis gaudir d&#8217;una deliciosa recepta de xef a casa teva.<\/p>\n<h4><strong>Preparaci\u00f3<\/strong><\/h4>\n<p>Untar una safata apta per al forn amb oli o mantega i posar la pasta de full a sobre. Coure al forn (pr\u00e8viament preescalfat) 15-20 minuts a 200\u00baC.<\/p>\n<h4><strong>Regeneraci\u00f3<\/strong><\/h4>\n<p>Forn<\/p>\n<h4><strong>Presentaci\u00f3<\/strong><\/h4>\n<p>1 raci\u00f3 de full envasada al buit<\/p>\n","protected":false},"excerpt":{"rendered":"<p>Exquisita pasta de full farcida de bacall\u00e0 i gambes.<\/p>\n","protected":false},"featured_media":7828,"template":"","meta":[],"product_cat":[229,223],"product_tag":[],"_links":{"self":[{"href":"https:\/\/tasty-natural.com\/ca\/wp-json\/wp\/v2\/product\/7853"}],"collection":[{"href":"https:\/\/tasty-natural.com\/ca\/wp-json\/wp\/v2\/product"}],"about":[{"href":"https:\/\/tasty-natural.com\/ca\/wp-json\/wp\/v2\/types\/product"}],"wp:featuredmedia":[{"embeddable":true,"href":"https:\/\/tasty-natural.com\/ca\/wp-json\/wp\/v2\/media\/7828"}],"wp:attachment":[{"href":"https:\/\/tasty-natural.com\/ca\/wp-json\/wp\/v2\/media?parent=7853"}],"wp:term":[{"taxonomy":"product_cat","embeddable":true,"href":"https:\/\/tasty-natural.com\/ca\/wp-json\/wp\/v2\/product_cat?post=7853"},{"taxonomy":"product_tag","embeddable":true,"href":"https:\/\/tasty-natural.com\/ca\/wp-json\/wp\/v2\/product_tag?post=7853"}],"curies":[{"name":"wp","href":"https:\/\/api.w.org\/{rel}","templated":true}]}}