{"id":7864,"date":"2020-12-01T13:49:13","date_gmt":"2020-12-01T12:49:13","guid":{"rendered":"https:\/\/tasty-natural.com\/producto\/flor-de-foie-xocolate\/"},"modified":"2021-03-15T10:35:00","modified_gmt":"2021-03-15T09:35:00","slug":"flor-de-foie-xocolate","status":"publish","type":"product","link":"https:\/\/tasty-natural.com\/ca\/producte\/flor-de-foie-xocolate\/","title":{"rendered":"Flor de foie amb xocolata (8 unitats)"},"content":{"rendered":"<h4><strong>Descripci\u00f3<\/strong><\/h4>\n<p>Una deliciosa combinaci\u00f3, en un nou format en forma de flor. Es pot servir com un original aperitiu, i \u00bfper qu\u00e8 no com a postres? Et recomanem espolvorejar-la per sobre amb sal maldon, que real\u00e7ar\u00e0 el sabor del foie i afegir\u00e0 un contrast visual al producte.<\/p>\n<h4><strong>Preparaci\u00f3<\/strong><\/h4>\n<p>Descongelar fora del seu env\u00e0s uns 15 minuts abans de servir.<\/p>\n<h4><strong>Regeneraci\u00f3<\/strong><\/h4>\n<p>Descongelar<\/p>\n<h4><strong>Presentaci\u00f3<\/strong><\/h4>\n<p>1 safata amb 8 unitats<\/p>\n","protected":false},"excerpt":{"rendered":"<p>Una combinaci\u00f3 perfecta que et sorprendr\u00e0. Et convidem a provar-la.<\/p>\n","protected":false},"featured_media":7858,"template":"","meta":[],"product_cat":[228],"product_tag":[],"_links":{"self":[{"href":"https:\/\/tasty-natural.com\/ca\/wp-json\/wp\/v2\/product\/7864"}],"collection":[{"href":"https:\/\/tasty-natural.com\/ca\/wp-json\/wp\/v2\/product"}],"about":[{"href":"https:\/\/tasty-natural.com\/ca\/wp-json\/wp\/v2\/types\/product"}],"wp:featuredmedia":[{"embeddable":true,"href":"https:\/\/tasty-natural.com\/ca\/wp-json\/wp\/v2\/media\/7858"}],"wp:attachment":[{"href":"https:\/\/tasty-natural.com\/ca\/wp-json\/wp\/v2\/media?parent=7864"}],"wp:term":[{"taxonomy":"product_cat","embeddable":true,"href":"https:\/\/tasty-natural.com\/ca\/wp-json\/wp\/v2\/product_cat?post=7864"},{"taxonomy":"product_tag","embeddable":true,"href":"https:\/\/tasty-natural.com\/ca\/wp-json\/wp\/v2\/product_tag?post=7864"}],"curies":[{"name":"wp","href":"https:\/\/api.w.org\/{rel}","templated":true}]}}