{"id":7898,"date":"2020-12-03T10:58:24","date_gmt":"2020-12-03T09:58:24","guid":{"rendered":"https:\/\/tasty-natural.com\/producto\/cassola-brandada-de-rap-y-gambes\/"},"modified":"2021-03-15T10:40:32","modified_gmt":"2021-03-15T09:40:32","slug":"cassola-brandada-de-rap-y-gambes","status":"publish","type":"product","link":"https:\/\/tasty-natural.com\/ca\/producte\/cassola-brandada-de-rap-y-gambes\/","title":{"rendered":"Brandada de rap i gambes"},"content":{"rendered":"<h4><strong>Descripci\u00f3<\/strong><\/h4>\n<p>Una combinaci\u00f3 exquisita de rap i gambes que encaixa a la perfecci\u00f3 com a entrant o plat principal de qualsevol celebraci\u00f3.<\/p>\n<h4><strong>Preparaci\u00f3<\/strong><\/h4>\n<p>Preescalfem el forn a 200 \u00baC. Posem la brandada de rap i gambes en un recipient apte per al forn, i la fornegem durant 15 minuts o fins que estigui gratinada.<\/p>\n<h4><strong>Regeneraci\u00f3<\/strong><\/h4>\n<p>Forn<\/p>\n<h4><strong>Presentaci\u00f3<\/strong><\/h4>\n<p>1 raci\u00f3 de 300 g<\/p>\n","protected":false},"excerpt":{"rendered":"<p>Deliciosa brandada de rap i gambes. T&#8217;encantar\u00e0!<\/p>\n","protected":false},"featured_media":7897,"template":"","meta":[],"product_cat":[229],"product_tag":[],"_links":{"self":[{"href":"https:\/\/tasty-natural.com\/ca\/wp-json\/wp\/v2\/product\/7898"}],"collection":[{"href":"https:\/\/tasty-natural.com\/ca\/wp-json\/wp\/v2\/product"}],"about":[{"href":"https:\/\/tasty-natural.com\/ca\/wp-json\/wp\/v2\/types\/product"}],"wp:featuredmedia":[{"embeddable":true,"href":"https:\/\/tasty-natural.com\/ca\/wp-json\/wp\/v2\/media\/7897"}],"wp:attachment":[{"href":"https:\/\/tasty-natural.com\/ca\/wp-json\/wp\/v2\/media?parent=7898"}],"wp:term":[{"taxonomy":"product_cat","embeddable":true,"href":"https:\/\/tasty-natural.com\/ca\/wp-json\/wp\/v2\/product_cat?post=7898"},{"taxonomy":"product_tag","embeddable":true,"href":"https:\/\/tasty-natural.com\/ca\/wp-json\/wp\/v2\/product_tag?post=7898"}],"curies":[{"name":"wp","href":"https:\/\/api.w.org\/{rel}","templated":true}]}}