{"id":7904,"date":"2020-12-03T12:22:51","date_gmt":"2020-12-03T11:22:51","guid":{"rendered":"https:\/\/tasty-natural.com\/producto\/tiramisu\/"},"modified":"2021-03-15T10:42:34","modified_gmt":"2021-03-15T09:42:34","slug":"tiramisu","status":"publish","type":"product","link":"https:\/\/tasty-natural.com\/ca\/producte\/tiramisu\/","title":{"rendered":"Tiramis\u00fa"},"content":{"rendered":"<h4><strong>Descripci\u00f3<\/strong><\/h4>\n<p>Tiramis\u00fa presentat de forma original en una llauna de pl\u00e0stic reciclable. Perfecte per a finalitzar un bon \u00e0pat.<\/p>\n<h4><strong>Preparaci\u00f3<\/strong><\/h4>\n<p>Descongelar dins del seu propi env\u00e0s abans de servir.<\/p>\n<h4><strong>Regeneraci\u00f3<\/strong><\/h4>\n<p>Descongelar<\/p>\n<h4><strong>Presentaci\u00f3<\/strong><\/h4>\n<p>1 tiramis\u00fa<\/p>\n","protected":false},"excerpt":{"rendered":"<p>Tiramis\u00fa perfecte per a qualsevol ocasi\u00f3.<\/p>\n","protected":false},"featured_media":7903,"template":"","meta":[],"product_cat":[229],"product_tag":[],"_links":{"self":[{"href":"https:\/\/tasty-natural.com\/ca\/wp-json\/wp\/v2\/product\/7904"}],"collection":[{"href":"https:\/\/tasty-natural.com\/ca\/wp-json\/wp\/v2\/product"}],"about":[{"href":"https:\/\/tasty-natural.com\/ca\/wp-json\/wp\/v2\/types\/product"}],"wp:featuredmedia":[{"embeddable":true,"href":"https:\/\/tasty-natural.com\/ca\/wp-json\/wp\/v2\/media\/7903"}],"wp:attachment":[{"href":"https:\/\/tasty-natural.com\/ca\/wp-json\/wp\/v2\/media?parent=7904"}],"wp:term":[{"taxonomy":"product_cat","embeddable":true,"href":"https:\/\/tasty-natural.com\/ca\/wp-json\/wp\/v2\/product_cat?post=7904"},{"taxonomy":"product_tag","embeddable":true,"href":"https:\/\/tasty-natural.com\/ca\/wp-json\/wp\/v2\/product_tag?post=7904"}],"curies":[{"name":"wp","href":"https:\/\/api.w.org\/{rel}","templated":true}]}}